{"id":1334,"date":"2025-03-12T15:53:29","date_gmt":"2025-03-12T15:53:29","guid":{"rendered":"https:\/\/cursos.tdx.cl\/?post_type=product&#038;p=1334"},"modified":"2025-06-24T15:59:14","modified_gmt":"2025-06-24T19:59:14","slug":"igualdad-equidad-de-genero","status":"publish","type":"product","link":"https:\/\/otec.tdx.cl\/en\/curso\/igualdad-equidad-de-genero\/","title":{"rendered":"Buenas pr\u00e1cticas de igualdad y equidad de g\u00e9nero"},"content":{"rendered":"<section class=\"container__descripcion\">\n<div class=\"container__modulos_cursos\">\n<div class=\"modulos_cursos\">\n<h2>M\u00f3dulo 1: <b><span class=\"resaltar__texto_pink\">Equidad de g\u00e9nero y Diversidad sexual<\/span><\/b>.<\/h2>\n<p>Reconocer conceptos fundamentales de equidad de g\u00e9nero y diversidad sexual, considerando los estereotipos sociales y su impacto en el \u00e1mbito laboral.<\/p>\n<\/div>\n<div class=\"modulos_cursos\">\n<h2>M\u00f3dulo 2: <b><span class=\"resaltar__texto_pink\">Violencia marco contextual<\/span><\/b>.<\/h2>\n<p>Caracterizar las manifestaciones de violencia de g\u00e9nero en contextos sociales y laborales, de acuerdo con sus elementos estructurales y normativos.<\/p>\n<\/div>\n<div class=\"modulos_cursos\">\n<h2>M\u00f3dulo 3: <b><span class=\"resaltar__texto_pink\">Ley 20820: Mujer y la Equidad de g\u00e9nero<\/span><\/b>.<\/h2>\n<p>Identificar los derechos establecidos en la Ley 20.820 en favor de la equidad de g\u00e9nero, conforme a su estructura y objetivos institucionales.<\/p>\n<\/div>\n<div class=\"modulos_cursos\">\n<h2>M\u00f3dulo 4: <b><span class=\"resaltar__texto_pink\">Sistema de Gesti\u00f3n de Igualdad de G\u00e9nero y conciliaci\u00f3n de la vida familiar, laboral y personal (SIGIGC)<\/span><\/b>.<\/h2>\n<p>Analizar el funcionamiento del Sistema de Gesti\u00f3n de Igualdad de G\u00e9nero y Conciliaci\u00f3n (SIGIGC), en funci\u00f3n de la Norma Chilena NCh 3262:2012 y su implementaci\u00f3n en entornos laborales.<\/p>\n<\/div>\n<\/div>\n<\/section>","protected":false},"excerpt":{"rendered":"<p>Promueve la equidad de g\u00e9nero e inclusi\u00f3n dentro del ambiente laboral.<\/p>\n<p><strong>Favorece relaciones laborales m\u00e1s justas y equilibradas.<\/strong><\/p>","protected":false},"featured_media":2880,"template":"","meta":[],"product_brand":[],"product_cat":[29,64],"product_tag":[53],"class_list":{"0":"post-1334","1":"product","2":"type-product","3":"status-publish","4":"has-post-thumbnail","6":"product_cat-bienestar-laboral","7":"product_cat-calidad-de-vida","8":"product_tag-e-learning-asincronico","10":"first","11":"instock","12":"shipping-taxable","13":"product-type-simple"},"_links":{"self":[{"href":"https:\/\/otec.tdx.cl\/en\/wp-json\/wp\/v2\/product\/1334","targetHints":{"allow":["GET"]}}],"collection":[{"href":"https:\/\/otec.tdx.cl\/en\/wp-json\/wp\/v2\/product"}],"about":[{"href":"https:\/\/otec.tdx.cl\/en\/wp-json\/wp\/v2\/types\/product"}],"wp:featuredmedia":[{"embeddable":true,"href":"https:\/\/otec.tdx.cl\/en\/wp-json\/wp\/v2\/media\/2880"}],"wp:attachment":[{"href":"https:\/\/otec.tdx.cl\/en\/wp-json\/wp\/v2\/media?parent=1334"}],"wp:term":[{"taxonomy":"product_brand","embeddable":true,"href":"https:\/\/otec.tdx.cl\/en\/wp-json\/wp\/v2\/product_brand?post=1334"},{"taxonomy":"product_cat","embeddable":true,"href":"https:\/\/otec.tdx.cl\/en\/wp-json\/wp\/v2\/product_cat?post=1334"},{"taxonomy":"product_tag","embeddable":true,"href":"https:\/\/otec.tdx.cl\/en\/wp-json\/wp\/v2\/product_tag?post=1334"}],"curies":[{"name":"wp","href":"https:\/\/api.w.org\/{rel}","templated":true}]}}