{"id":1342,"date":"2025-03-12T16:04:08","date_gmt":"2025-03-12T16:04:08","guid":{"rendered":"https:\/\/cursos.tdx.cl\/?post_type=product&#038;p=1342"},"modified":"2025-06-24T14:32:58","modified_gmt":"2025-06-24T18:32:58","slug":"liderazgo-y-trabajo-en-equipo","status":"publish","type":"product","link":"https:\/\/otec.tdx.cl\/en\/curso\/liderazgo-y-trabajo-en-equipo\/","title":{"rendered":"Liderazgo y Trabajo en Equipo"},"content":{"rendered":"<section class=\"container__descripcion\">\n<div class=\"container__modulos_cursos\">\n<div class=\"modulos_cursos\">\n<h2>M\u00f3dulo 1: <b><span class=\"resaltar__texto_pink\">\u00bfTrabajo en Equipo o Trabajo en Grupo?<\/span><\/b>.<\/h2>\n<p>Distinguir las caracter\u00edsticas y diferencias entre el trabajo en grupo y el trabajo en equipo seg\u00fan par\u00e1metros establecidos.<\/p>\n<\/div>\n<div class=\"modulos_cursos\">\n<h2>M\u00f3dulo 2: <b><span class=\"resaltar__texto_pink\">Liderazgo, Trabajo en Equipo y Planificaci\u00f3n<\/span><\/b>.<\/h2>\n<p>Emplear estrategias de planificaci\u00f3n de objetivos y plazos en equipos de trabajo de acuerdo con pautas y protocolos establecidos.<\/p>\n<\/div>\n<div class=\"modulos_cursos\">\n<h2>M\u00f3dulo 3: <b><span class=\"resaltar__texto_pink\">Trabajo en Equipo y Productividad<\/span><\/b>.<\/h2>\n<p>Analizar la relaci\u00f3n entre productividad, desempe\u00f1o y motivaci\u00f3n en equipos de trabajo seg\u00fan est\u00e1ndares organizacionales.<\/p>\n<\/div>\n<div class=\"modulos_cursos\">\n<h2>M\u00f3dulo 4: <b><span class=\"resaltar__texto_pink\">T\u00e9cnicas para Trabajar en Equipo<\/span><\/b>.<\/h2>\n<p>Utilizar t\u00e9cnicas de evaluaci\u00f3n y mejora del trabajo en equipo de acuerdo con est\u00e1ndares de desempe\u00f1o organizacional.<\/p>\n<\/div>\n<\/div>\n<\/section>","protected":false},"excerpt":{"rendered":"<p>Desarrolla habilidades de liderazgo colaborativo y gesti\u00f3n de\u00a0 equipos.<\/p>\n<p><strong>Potencia el compromiso y la coordinaci\u00f3n interna<\/strong><\/p>","protected":false},"featured_media":2871,"template":"","meta":[],"product_brand":[],"product_cat":[29,60],"product_tag":[56,37],"class_list":{"0":"post-1342","1":"product","2":"type-product","3":"status-publish","4":"has-post-thumbnail","6":"product_cat-bienestar-laboral","7":"product_cat-soft-skills","8":"product_tag-e-learning-sincronico-asincronico","9":"product_tag-presencial","11":"first","12":"instock","13":"shipping-taxable","14":"product-type-simple"},"_links":{"self":[{"href":"https:\/\/otec.tdx.cl\/en\/wp-json\/wp\/v2\/product\/1342","targetHints":{"allow":["GET"]}}],"collection":[{"href":"https:\/\/otec.tdx.cl\/en\/wp-json\/wp\/v2\/product"}],"about":[{"href":"https:\/\/otec.tdx.cl\/en\/wp-json\/wp\/v2\/types\/product"}],"wp:featuredmedia":[{"embeddable":true,"href":"https:\/\/otec.tdx.cl\/en\/wp-json\/wp\/v2\/media\/2871"}],"wp:attachment":[{"href":"https:\/\/otec.tdx.cl\/en\/wp-json\/wp\/v2\/media?parent=1342"}],"wp:term":[{"taxonomy":"product_brand","embeddable":true,"href":"https:\/\/otec.tdx.cl\/en\/wp-json\/wp\/v2\/product_brand?post=1342"},{"taxonomy":"product_cat","embeddable":true,"href":"https:\/\/otec.tdx.cl\/en\/wp-json\/wp\/v2\/product_cat?post=1342"},{"taxonomy":"product_tag","embeddable":true,"href":"https:\/\/otec.tdx.cl\/en\/wp-json\/wp\/v2\/product_tag?post=1342"}],"curies":[{"name":"wp","href":"https:\/\/api.w.org\/{rel}","templated":true}]}}