{"id":1346,"date":"2025-03-12T16:07:27","date_gmt":"2025-03-12T16:07:27","guid":{"rendered":"https:\/\/cursos.tdx.cl\/?post_type=product&#038;p=1346"},"modified":"2025-06-24T14:32:13","modified_gmt":"2025-06-24T18:32:13","slug":"ciberseguridad","status":"publish","type":"product","link":"https:\/\/otec.tdx.cl\/en\/curso\/ciberseguridad\/","title":{"rendered":"Ciberseguridad"},"content":{"rendered":"<section class=\"container__descripcion\">\n<div class=\"container__modulos_cursos\">\n<div class=\"modulos_cursos\">\n<h2>M\u00f3dulo 1: <b><span class=\"resaltar__texto_pink\">Introducci\u00f3n a la Ciberseguridad<\/span><\/b>.<\/h2>\n<p>Reconocer los riesgos y amenazas en el entorno digital y comprender los principios b\u00e1sicos de la ciberseguridad.<\/p>\n<\/div>\n<div class=\"modulos_cursos\">\n<h2>M\u00f3dulo 2: <b><span class=\"resaltar__texto_pink\">Principios y marcos de Ciberseguridad<\/span><\/b>.<\/h2>\n<p>Identificar los principios y marcos normativos de la ciberseguridad como parte esencial de la protecci\u00f3n digital.<\/p>\n<\/div>\n<div class=\"modulos_cursos\">\n<h2>M\u00f3dulo 3: <b><span class=\"resaltar__texto_pink\">Pol\u00edticas y regulaciones en Ciberseguridad<\/span><\/b>.<\/h2>\n<p>Aplicar pol\u00edticas y normativas de ciberseguridad en el contexto digital para cumplir con las exigencias legales.<\/p>\n<\/div>\n<div class=\"modulos_cursos\">\n<h2>M\u00f3dulo 4: <b><span class=\"resaltar__texto_pink\">Protecci\u00f3n de datos y privacidad<\/span><\/b>.<\/h2>\n<p>Aplicar principios de protecci\u00f3n de datos y privacidad de acuerdo con la legislaci\u00f3n vigente.<\/p>\n<\/div>\n<div class=\"modulos_cursos\">\n<h2>M\u00f3dulo 5: <b><span class=\"resaltar__texto_pink\">Gesti\u00f3n de incidentes y respuesta a ataques<\/span><\/b>.<\/h2>\n<p>Ejecutar procedimientos b\u00e1sicos de gesti\u00f3n de incidentes y respuesta ante ciberataques.<\/p>\n<\/div>\n<\/div>\n<\/section>","protected":false},"excerpt":{"rendered":"<p>Aplica buenas pr\u00e1cticas y herramientas para resguardar informaci\u00f3n digital con Ciberseguridad.<\/p>\n<p><strong>Protege la informaci\u00f3n y fortalece la seguridad organizacional. <\/strong><\/p>\n<p><!--Aprende a dise\u00f1ar, implementar y gestionar estrategias de protecci\u00f3n en Ciberseguridad, garantizando el cumplimiento legal y la protecci\u00f3n de datos en un contexto tecnol\u00f3gico din\u00e1mico.--><\/p>","protected":false},"featured_media":2876,"template":"","meta":[],"product_brand":[],"product_cat":[36,61],"product_tag":[56,37],"class_list":{"0":"post-1346","1":"product","2":"type-product","3":"status-publish","4":"has-post-thumbnail","6":"product_cat-transformacion-digital","7":"product_cat-liderazgo-e-innovacion","8":"product_tag-e-learning-sincronico-asincronico","9":"product_tag-presencial","11":"first","12":"instock","13":"shipping-taxable","14":"product-type-simple"},"_links":{"self":[{"href":"https:\/\/otec.tdx.cl\/en\/wp-json\/wp\/v2\/product\/1346","targetHints":{"allow":["GET"]}}],"collection":[{"href":"https:\/\/otec.tdx.cl\/en\/wp-json\/wp\/v2\/product"}],"about":[{"href":"https:\/\/otec.tdx.cl\/en\/wp-json\/wp\/v2\/types\/product"}],"wp:featuredmedia":[{"embeddable":true,"href":"https:\/\/otec.tdx.cl\/en\/wp-json\/wp\/v2\/media\/2876"}],"wp:attachment":[{"href":"https:\/\/otec.tdx.cl\/en\/wp-json\/wp\/v2\/media?parent=1346"}],"wp:term":[{"taxonomy":"product_brand","embeddable":true,"href":"https:\/\/otec.tdx.cl\/en\/wp-json\/wp\/v2\/product_brand?post=1346"},{"taxonomy":"product_cat","embeddable":true,"href":"https:\/\/otec.tdx.cl\/en\/wp-json\/wp\/v2\/product_cat?post=1346"},{"taxonomy":"product_tag","embeddable":true,"href":"https:\/\/otec.tdx.cl\/en\/wp-json\/wp\/v2\/product_tag?post=1346"}],"curies":[{"name":"wp","href":"https:\/\/api.w.org\/{rel}","templated":true}]}}