{"id":1365,"date":"2025-03-12T17:45:47","date_gmt":"2025-03-12T17:45:47","guid":{"rendered":"https:\/\/cursos.tdx.cl\/?post_type=product&#038;p=1365"},"modified":"2025-06-19T11:55:45","modified_gmt":"2025-06-19T15:55:45","slug":"delitos-economicos-ley-20-393","status":"publish","type":"product","link":"https:\/\/otec.tdx.cl\/en\/curso\/delitos-economicos-ley-20-393\/","title":{"rendered":"Ley 20.393 y Ley 21.595, Delitos Econ\u00f3micos"},"content":{"rendered":"<section class=\"container__descripcion\">\n<div class=\"container__modulos_cursos\">\n<div class=\"modulos_cursos\">\n<h2>M\u00f3dulo 1: <b><span class=\"resaltar__texto_pink\">Ley 20.393 de Responsabilidad Penal de las Personas Jur\u00eddicas<\/span><\/b>.<\/h2>\n<p>Interpreta los conceptos clave, alcance y aplicaci\u00f3n de la Ley 20.393 en el contexto organizacional.<\/p>\n<\/div>\n<div class=\"modulos_cursos\">\n<h2>M\u00f3dulo 2: <b><span class=\"resaltar__texto_pink\">Introducci\u00f3n al Derecho Penal Econ\u00f3mico<\/span><\/b>.<\/h2>\n<p>Analiza la clasificaci\u00f3n legal de los delitos econ\u00f3micos y las sanciones aplicables a personas jur\u00eddicas.<\/p>\n<\/div>\n<div class=\"modulos_cursos\">\n<h2>M\u00f3dulo 3: <b><span class=\"resaltar__texto_pink\">Introducci\u00f3n a la Ley de Delitos Econ\u00f3micos<\/span><\/b>.<\/h2>\n<p>Eval\u00faa las diferencias entre la Ley 20.393 y la Ley 21.595, y su impacto preventivo en las organizaciones.\n<\/p><\/div>\n<\/div>\n<\/section>","protected":false},"excerpt":{"rendered":"<p>Identifica los principales riesgos penales en entornos corporativos sobre delitos econ\u00f3micos.<\/p>\n<p><strong>Refuerza la \u00e9tica organizacional y cumplimiento legal.<\/strong><\/p>","protected":false},"featured_media":2877,"template":"","meta":[],"product_brand":[],"product_cat":[28,65],"product_tag":[56],"class_list":{"0":"post-1365","1":"product","2":"type-product","3":"status-publish","4":"has-post-thumbnail","6":"product_cat-normativos-y-oficios","7":"product_cat-normativos","8":"product_tag-e-learning-sincronico-asincronico","10":"first","11":"instock","12":"shipping-taxable","13":"product-type-simple"},"_links":{"self":[{"href":"https:\/\/otec.tdx.cl\/en\/wp-json\/wp\/v2\/product\/1365","targetHints":{"allow":["GET"]}}],"collection":[{"href":"https:\/\/otec.tdx.cl\/en\/wp-json\/wp\/v2\/product"}],"about":[{"href":"https:\/\/otec.tdx.cl\/en\/wp-json\/wp\/v2\/types\/product"}],"wp:featuredmedia":[{"embeddable":true,"href":"https:\/\/otec.tdx.cl\/en\/wp-json\/wp\/v2\/media\/2877"}],"wp:attachment":[{"href":"https:\/\/otec.tdx.cl\/en\/wp-json\/wp\/v2\/media?parent=1365"}],"wp:term":[{"taxonomy":"product_brand","embeddable":true,"href":"https:\/\/otec.tdx.cl\/en\/wp-json\/wp\/v2\/product_brand?post=1365"},{"taxonomy":"product_cat","embeddable":true,"href":"https:\/\/otec.tdx.cl\/en\/wp-json\/wp\/v2\/product_cat?post=1365"},{"taxonomy":"product_tag","embeddable":true,"href":"https:\/\/otec.tdx.cl\/en\/wp-json\/wp\/v2\/product_tag?post=1365"}],"curies":[{"name":"wp","href":"https:\/\/api.w.org\/{rel}","templated":true}]}}