{"id":1369,"date":"2025-03-12T17:56:34","date_gmt":"2025-03-12T17:56:34","guid":{"rendered":"https:\/\/cursos.tdx.cl\/?post_type=product&#038;p=1369"},"modified":"2026-02-12T17:36:38","modified_gmt":"2026-02-12T20:36:38","slug":"excel-basico","status":"publish","type":"product","link":"https:\/\/otec.tdx.cl\/en\/curso\/excel-basico\/","title":{"rendered":"Microsoft Excel, b\u00e1sico"},"content":{"rendered":"<section class=\"container__descripcion\">\n<div class=\"container__modulos_cursos\">\n<div class=\"modulos_cursos\">\n<h2>M\u00f3dulo 1: <b><span class=\"resaltar__texto_pink\">Interfaz de la herramienta y manejo de libros<\/span><\/b>.<\/h2>\n<p>Identificar herramientas de formato y gesti\u00f3n de celdas en una planilla de c\u00e1lculo, seg\u00fan la interfaz y configuraciones de la herramienta.<\/p>\n<\/div>\n<div class=\"modulos_cursos\">\n<h2>M\u00f3dulo 2: <b><span class=\"resaltar__texto_pink\">Organizaci\u00f3n, f\u00f3rmulas y funciones b\u00e1sicas de manejo de datos<\/span><\/b>.<\/h2>\n<p>Utilizar operadores matem\u00e1ticos y gestionar las, columnas y celdas para organizar datos en una hoja de c\u00e1lculo.<\/p>\n<\/div>\n<div class=\"modulos_cursos\">\n<h2>M\u00f3dulo 3: <b><span class=\"resaltar__texto_pink\">Herramientas de Formatos<\/span><\/b>.<\/h2>\n<p>Aplicar distintos formatos a celdas y valores num\u00e9ricos en una planilla de c\u00e1lculo, seg\u00fan criterios de formato condicional y personalizaci\u00f3n de estilos.<\/p>\n<\/div>\n<div class=\"modulos_cursos\">\n<h2>M\u00f3dulo 4: <b><span class=\"resaltar__texto_pink\">Uso y creaci\u00f3n de gr\u00e1ficos<\/span><\/b>.<\/h2>\n<p>Crear y formatear gr\u00e1ficos de datos en una hoja de c\u00e1lculo, seg\u00fan los elementos y herramientas de dise\u00f1o disponibles.<\/p>\n<\/div>\n<div class=\"modulos_cursos\">\n<h2>M\u00f3dulo 5: <b><span class=\"resaltar__texto_pink\">Creaci\u00f3n y correcci\u00f3n de F\u00f3rmulas<\/span><\/b>.<\/h2>\n<p>Aplicar f\u00f3rmulas y operadores en Excel para realizar c\u00e1lculos precisos, considerando la precedencia de operaciones y<br \/>\nreferencias a celdas.<\/p>\n<\/div>\n<\/div>\n<\/section>","protected":false},"excerpt":{"rendered":"<p>Aprende las funciones esenciales de Excel b\u00e1sico para uso administrativo y operativo.<\/p>\n<p><b>Mejora la eficiencia y organizaci\u00f3n de datos.<\/b><\/p>\n<p><!--Aprende desde cero Excel b\u00e1sico, a manejar datos, aplicar formatos, utilizar funciones b\u00e1sicas, crear gr\u00e1ficos y desarrollar tus primeras f\u00f3rmulas. Ideal para quienes quieren iniciarse en el uso profesional de planillas. --><\/p>","protected":false},"featured_media":2889,"template":"","meta":[],"product_brand":[],"product_cat":[62,67,36],"product_tag":[56,37],"class_list":{"0":"post-1369","1":"product","2":"type-product","3":"status-publish","4":"has-post-thumbnail","6":"product_cat-habilidades-tic","7":"product_cat-productividad","8":"product_cat-transformacion-digital","9":"product_tag-e-learning-sincronico-asincronico","10":"product_tag-presencial","12":"first","13":"instock","14":"shipping-taxable","15":"product-type-simple"},"_links":{"self":[{"href":"https:\/\/otec.tdx.cl\/en\/wp-json\/wp\/v2\/product\/1369","targetHints":{"allow":["GET"]}}],"collection":[{"href":"https:\/\/otec.tdx.cl\/en\/wp-json\/wp\/v2\/product"}],"about":[{"href":"https:\/\/otec.tdx.cl\/en\/wp-json\/wp\/v2\/types\/product"}],"wp:featuredmedia":[{"embeddable":true,"href":"https:\/\/otec.tdx.cl\/en\/wp-json\/wp\/v2\/media\/2889"}],"wp:attachment":[{"href":"https:\/\/otec.tdx.cl\/en\/wp-json\/wp\/v2\/media?parent=1369"}],"wp:term":[{"taxonomy":"product_brand","embeddable":true,"href":"https:\/\/otec.tdx.cl\/en\/wp-json\/wp\/v2\/product_brand?post=1369"},{"taxonomy":"product_cat","embeddable":true,"href":"https:\/\/otec.tdx.cl\/en\/wp-json\/wp\/v2\/product_cat?post=1369"},{"taxonomy":"product_tag","embeddable":true,"href":"https:\/\/otec.tdx.cl\/en\/wp-json\/wp\/v2\/product_tag?post=1369"}],"curies":[{"name":"wp","href":"https:\/\/api.w.org\/{rel}","templated":true}]}}