{"id":1371,"date":"2025-03-12T17:58:04","date_gmt":"2025-03-12T17:58:04","guid":{"rendered":"https:\/\/cursos.tdx.cl\/?post_type=product&#038;p=1371"},"modified":"2026-02-12T17:36:38","modified_gmt":"2026-02-12T20:36:38","slug":"excel-intermedio","status":"publish","type":"product","link":"https:\/\/otec.tdx.cl\/en\/curso\/excel-intermedio\/","title":{"rendered":"Microsoft Excel, intermedio\u00a0"},"content":{"rendered":"<section class=\"container__descripcion\">\n<div class=\"container__modulos_cursos\">\n<div class=\"modulos_cursos\">\n<h2>M\u00f3dulo 1: <b><span class=\"resaltar__texto_pink\">Fundamentos de Excel Intermedio<\/span><\/b>.<\/h2>\n<p>Refresca conocimientos esenciales de Excel, incluyendo funciones b\u00e1sicas, navegaci\u00f3n entre hojas y vinculaci\u00f3n de datos.<\/p>\n<\/div>\n<div class=\"modulos_cursos\">\n<h2>M\u00f3dulo 2: <b><span class=\"resaltar__texto_pink\">Funciones y F\u00f3rmulas Avanzadas<\/span><\/b>.<\/h2>\n<p>Aprende a dominar funciones de texto, l\u00f3gicas, de fecha y b\u00fasqueda para analizar y manipular datos con precisi\u00f3n.<\/p>\n<\/div>\n<div class=\"modulos_cursos\">\n<h2>M\u00f3dulo 3: <b><span class=\"resaltar__texto_pink\">An\u00e1lisis de Datos<\/span><\/b>.<\/h2>\n<p>Utiliza tablas y gr\u00e1ficos din\u00e1micos, filtros, Solver y escenarios para tomar decisiones basadas en datos complejos.<\/p>\n<\/div>\n<div class=\"modulos_cursos\">\n<h2>M\u00f3dulo 4: <b><span class=\"resaltar__texto_pink\">Herramientas de Datos<\/span><\/b>.<\/h2>\n<p>Mejora la calidad de tus datos con t\u00e9cnicas de validaci\u00f3n, consolidaci\u00f3n y limpieza avanzada, incluyendo eliminaci\u00f3n de duplicados.<\/p>\n<\/div>\n<div class=\"modulos_cursos\">\n<h2>M\u00f3dulo 5: <b><span class=\"resaltar__texto_pink\">Automatizaci\u00f3n y Macros<\/span><\/b>.<\/h2>\n<p>Automatiza tareas repetitivas con macros, aprende a grabarlas, modificarlas y utilizarlas con formularios para optimizar procesos.<\/p>\n<\/div>\n<div class=\"modulos_cursos\">\n<h2>M\u00f3dulo 6: <b><span class=\"resaltar__texto_pink\">Herramientas de Colaboraci\u00f3n<\/span><\/b>.<\/h2>\n<p>Descubre c\u00f3mo colaborar en tiempo real con Excel Online, compartir archivos, controlar cambios e integrar con Microsoft 365.<\/p>\n<\/div>\n<div class=\"modulos_cursos\">\n<h2>M\u00f3dulo 7: <b><span class=\"resaltar__texto_pink\">Buenas Pr\u00e1cticas y Tips Avanzados<\/span><\/b>.<\/h2>\n<p>Conoce trucos \u00fatiles, atajos de teclado y herramientas de personalizaci\u00f3n para trabajar m\u00e1s r\u00e1pido y resolver problemas comunes.<\/p>\n<\/div>\n<\/div>\n<\/section>","protected":false},"excerpt":{"rendered":"<p>Profundiza en f\u00f3rmulas, funciones y manejo de bases de datos con Excel intermedio.<\/p>\n<p><strong>Aumenta la productividad y el an\u00e1lisis de datos.<\/strong><\/p>\n<p><!--Enfoque pr\u00e1ctico en an\u00e1lisis de datos, automatizaci\u00f3n, funciones avanzadas y colaboraci\u00f3n en la nube. Ideal para quienes ya dominan lo b\u00e1sico de Excel y desean potenciar su eficiencia y habilidades. --><\/p>","protected":false},"featured_media":2889,"template":"","meta":[],"product_brand":[],"product_cat":[62,67,36],"product_tag":[56,37],"class_list":{"0":"post-1371","1":"product","2":"type-product","3":"status-publish","4":"has-post-thumbnail","6":"product_cat-habilidades-tic","7":"product_cat-productividad","8":"product_cat-transformacion-digital","9":"product_tag-e-learning-sincronico-asincronico","10":"product_tag-presencial","12":"first","13":"instock","14":"shipping-taxable","15":"product-type-simple"},"_links":{"self":[{"href":"https:\/\/otec.tdx.cl\/en\/wp-json\/wp\/v2\/product\/1371","targetHints":{"allow":["GET"]}}],"collection":[{"href":"https:\/\/otec.tdx.cl\/en\/wp-json\/wp\/v2\/product"}],"about":[{"href":"https:\/\/otec.tdx.cl\/en\/wp-json\/wp\/v2\/types\/product"}],"wp:featuredmedia":[{"embeddable":true,"href":"https:\/\/otec.tdx.cl\/en\/wp-json\/wp\/v2\/media\/2889"}],"wp:attachment":[{"href":"https:\/\/otec.tdx.cl\/en\/wp-json\/wp\/v2\/media?parent=1371"}],"wp:term":[{"taxonomy":"product_brand","embeddable":true,"href":"https:\/\/otec.tdx.cl\/en\/wp-json\/wp\/v2\/product_brand?post=1371"},{"taxonomy":"product_cat","embeddable":true,"href":"https:\/\/otec.tdx.cl\/en\/wp-json\/wp\/v2\/product_cat?post=1371"},{"taxonomy":"product_tag","embeddable":true,"href":"https:\/\/otec.tdx.cl\/en\/wp-json\/wp\/v2\/product_tag?post=1371"}],"curies":[{"name":"wp","href":"https:\/\/api.w.org\/{rel}","templated":true}]}}