{"id":1375,"date":"2025-03-12T18:01:45","date_gmt":"2025-03-12T18:01:45","guid":{"rendered":"https:\/\/cursos.tdx.cl\/?post_type=product&#038;p=1375"},"modified":"2026-02-12T17:36:38","modified_gmt":"2026-02-12T20:36:38","slug":"microsoft-powerpoint","status":"publish","type":"product","link":"https:\/\/otec.tdx.cl\/en\/curso\/microsoft-powerpoint\/","title":{"rendered":"Microsoft PowerPoint, b\u00e1sico"},"content":{"rendered":"<section class=\"container__descripcion\">\n<div class=\"container__modulos_cursos\">\n<div class=\"modulos_cursos\">\n<h2>M\u00f3dulo 1: <b><span class=\"resaltar__texto_pink\">Apertura y gesti\u00f3n de archivos<\/span><\/b>.<\/h2>\n<p>Emplear funciones b\u00e1sicas de PowerPoint para iniciar, guardar y buscar archivos, en el entorno operativo Windows, asegurando una gesti\u00f3n eficiente de presentaciones.<\/p>\n<\/div>\n<div class=\"modulos_cursos\">\n<h2>M\u00f3dulo 2: <b><span class=\"resaltar__texto_pink\">Exploraci\u00f3n de la Herramienta<\/span><\/b>.<\/h2>\n<p>Navegar por la interfaz de PowerPoint para ubicar y utilizar herramientas agrupadas en pesta\u00f1as y bloques funcionales, facilitando la edici\u00f3n y estructuraci\u00f3n de presentaciones digitales.<\/p>\n<\/div>\n<div class=\"modulos_cursos\">\n<h2>M\u00f3dulo 3: <b><span class=\"resaltar__texto_pink\">Inicio del Dise\u00f1o<\/span><\/b>.<\/h2>\n<p>Dise\u00f1ar presentaciones b\u00e1sicas en PowerPoint incorporando principios de estructura, secuencia y est\u00e9tica, mediante el uso de plantillas, temas y herramientas de edici\u00f3n visual.<\/p>\n<\/div>\n<\/div>\n<\/section>","protected":false},"excerpt":{"rendered":"<p>Crea presentaciones profesionales con dise\u00f1o, animaciones y multimedia en PowerPoint.<\/p>\n<p><strong>Mejora la comunicaci\u00f3n visual e impacto de exposiciones.<\/strong><\/p>","protected":false},"featured_media":2884,"template":"","meta":[],"product_brand":[],"product_cat":[36,62,67],"product_tag":[53],"class_list":{"0":"post-1375","1":"product","2":"type-product","3":"status-publish","4":"has-post-thumbnail","6":"product_cat-transformacion-digital","7":"product_cat-habilidades-tic","8":"product_cat-productividad","9":"product_tag-e-learning-asincronico","11":"first","12":"instock","13":"shipping-taxable","14":"product-type-simple"},"_links":{"self":[{"href":"https:\/\/otec.tdx.cl\/en\/wp-json\/wp\/v2\/product\/1375","targetHints":{"allow":["GET"]}}],"collection":[{"href":"https:\/\/otec.tdx.cl\/en\/wp-json\/wp\/v2\/product"}],"about":[{"href":"https:\/\/otec.tdx.cl\/en\/wp-json\/wp\/v2\/types\/product"}],"wp:featuredmedia":[{"embeddable":true,"href":"https:\/\/otec.tdx.cl\/en\/wp-json\/wp\/v2\/media\/2884"}],"wp:attachment":[{"href":"https:\/\/otec.tdx.cl\/en\/wp-json\/wp\/v2\/media?parent=1375"}],"wp:term":[{"taxonomy":"product_brand","embeddable":true,"href":"https:\/\/otec.tdx.cl\/en\/wp-json\/wp\/v2\/product_brand?post=1375"},{"taxonomy":"product_cat","embeddable":true,"href":"https:\/\/otec.tdx.cl\/en\/wp-json\/wp\/v2\/product_cat?post=1375"},{"taxonomy":"product_tag","embeddable":true,"href":"https:\/\/otec.tdx.cl\/en\/wp-json\/wp\/v2\/product_tag?post=1375"}],"curies":[{"name":"wp","href":"https:\/\/api.w.org\/{rel}","templated":true}]}}