{"id":1379,"date":"2025-03-12T18:05:57","date_gmt":"2025-03-12T18:05:57","guid":{"rendered":"https:\/\/cursos.tdx.cl\/?post_type=product&#038;p=1379"},"modified":"2025-07-03T17:30:46","modified_gmt":"2025-07-03T21:30:46","slug":"tecnicas-de-administracion-y-organizacion-del-tiempo-laboral","status":"publish","type":"product","link":"https:\/\/otec.tdx.cl\/en\/curso\/tecnicas-de-administracion-y-organizacion-del-tiempo-laboral\/","title":{"rendered":"Administraci\u00f3n del Tiempo Laboral"},"content":{"rendered":"<section class=\"container__descripcion\">\n<div class=\"container__modulos_cursos\">\n<div class=\"modulos_cursos\">\n<h2>M\u00f3dulo 1: <b><span class=\"resaltar__texto_pink\">Fundamentos de administraci\u00f3n y organizaci\u00f3n del tiempo laboral<\/span><\/b>.<\/h2>\n<p>Identificar los fundamentos conceptuales de la administraci\u00f3n y organizaci\u00f3n del tiempo laboral reconociendo criterios de planificaci\u00f3n, priorizaci\u00f3n y autodisciplina en contextos laborales.<\/p>\n<\/div>\n<div class=\"modulos_cursos\">\n<h2>M\u00f3dulo 2: <b><span class=\"resaltar__texto_pink\">Elementos claves para realizar matriz de prioridades<\/span><\/b>.<\/h2>\n<p>Analizar los elementos conceptuales y pr\u00e1cticos de la administraci\u00f3n del tiempo laboral seg\u00fan criterios de eficiencia en la elaboraci\u00f3n de matrices de prioridades.<\/p>\n<\/div>\n<div class=\"modulos_cursos\">\n<h2>M\u00f3dulo 3: <b><span class=\"resaltar__texto_pink\">Mecanismos de organizaci\u00f3n eficiente del tiempo<\/span><\/b>.<\/h2>\n<p>Organizar el tiempo laboral utilizando t\u00e9cnicas de planificaci\u00f3n diaria, semanal y mensual seg\u00fan est\u00e1ndares de productividad en contextos laborales.<\/p>\n<\/div>\n<div class=\"modulos_cursos\">\n<h2>M\u00f3dulo 4: <b><span class=\"resaltar__texto_pink\">T\u00e9cnicas de administraci\u00f3n del tiempo laboral<\/span><\/b>.<\/h2>\n<p>Ejecutar t\u00e9cnicas de administraci\u00f3n del tiempo laboral seg\u00fan modelos de eficiencia, control de interrupciones y aprovechamiento productivo del tiempo disponible.<\/p>\n<\/div>\n<\/div>\n<\/section>","protected":false},"excerpt":{"rendered":"<p>Aprende sobre administraci\u00f3n y organizaci\u00f3n del tiempo de las tareas para un trabajo m\u00e1s eficiente.<\/p>\n<p><strong>Incrementa la productividad y reduce el estr\u00e9s. <\/strong><\/p>","protected":false},"featured_media":2862,"template":"","meta":[],"product_brand":[],"product_cat":[29,60],"product_tag":[53,37],"class_list":{"0":"post-1379","1":"product","2":"type-product","3":"status-publish","4":"has-post-thumbnail","6":"product_cat-bienestar-laboral","7":"product_cat-soft-skills","8":"product_tag-e-learning-asincronico","9":"product_tag-presencial","11":"first","12":"instock","13":"shipping-taxable","14":"product-type-simple"},"_links":{"self":[{"href":"https:\/\/otec.tdx.cl\/en\/wp-json\/wp\/v2\/product\/1379","targetHints":{"allow":["GET"]}}],"collection":[{"href":"https:\/\/otec.tdx.cl\/en\/wp-json\/wp\/v2\/product"}],"about":[{"href":"https:\/\/otec.tdx.cl\/en\/wp-json\/wp\/v2\/types\/product"}],"wp:featuredmedia":[{"embeddable":true,"href":"https:\/\/otec.tdx.cl\/en\/wp-json\/wp\/v2\/media\/2862"}],"wp:attachment":[{"href":"https:\/\/otec.tdx.cl\/en\/wp-json\/wp\/v2\/media?parent=1379"}],"wp:term":[{"taxonomy":"product_brand","embeddable":true,"href":"https:\/\/otec.tdx.cl\/en\/wp-json\/wp\/v2\/product_brand?post=1379"},{"taxonomy":"product_cat","embeddable":true,"href":"https:\/\/otec.tdx.cl\/en\/wp-json\/wp\/v2\/product_cat?post=1379"},{"taxonomy":"product_tag","embeddable":true,"href":"https:\/\/otec.tdx.cl\/en\/wp-json\/wp\/v2\/product_tag?post=1379"}],"curies":[{"name":"wp","href":"https:\/\/api.w.org\/{rel}","templated":true}]}}