{"id":1710,"date":"2025-03-18T20:40:53","date_gmt":"2025-03-18T20:40:53","guid":{"rendered":"https:\/\/cursos.tdx.cl\/?post_type=product&#038;p=1710"},"modified":"2026-02-12T17:36:37","modified_gmt":"2026-02-12T20:36:37","slug":"microsoft-teams","status":"publish","type":"product","link":"https:\/\/otec.tdx.cl\/en\/curso\/microsoft-teams\/","title":{"rendered":"Microsoft Teams"},"content":{"rendered":"<section class=\"container__descripcion\">\n<div class=\"container__modulos_cursos\">\n<div class=\"modulos_cursos\">\n<h2>M\u00f3dulo 1: <b><span class=\"resaltar__texto_pink\">Introducci\u00f3n a Microsoft Teams<\/span><\/b>.<\/h2>\n<p>Reconocer las caracter\u00edsticas principales de Microsoft Teams, comprendiendo su interfaz y ajustes iniciales de acuerdo con los requisitos de la plataforma.<\/p>\n<\/div>\n<div class=\"modulos_cursos\">\n<h2>M\u00f3dulo 2: <b><span class=\"resaltar__texto_pink\">Comunicaci\u00f3n en Teams<\/span><\/b>.<\/h2>\n<p>Comprender el uso de herramientas de comunicaci\u00f3n en Microsoft Teams para la gesti\u00f3n de mensajes, llamadas y reuniones dentro del equipo de trabajo.<\/p>\n<\/div>\n<div class=\"modulos_cursos\">\n<h2>M\u00f3dulo 3: <b><span class=\"resaltar__texto_pink\">Colaboraci\u00f3n en Equipos<\/span><\/b>.<\/h2>\n<p>Comprender la configuraci\u00f3n de equipos, canales y permisos en Microsoft Teams para facilitar la colaboraci\u00f3n y organizaci\u00f3n del trabajo.<\/p>\n<\/div>\n<div class=\"modulos_cursos\">\n<h2>M\u00f3dulo 4: <b><span class=\"resaltar__texto_pink\">Funcionalidades Avanzadas<\/span><\/b>.<\/h2>\n<p>Comprender las herramientas avanzadas de Microsoft Teams y su integraci\u00f3n con otras aplicaciones para optimizar la colaboraci\u00f3n y productividad.<\/p>\n<\/div>\n<\/div>\n<\/section>","protected":false},"excerpt":{"rendered":"<p>Gestiona reuniones, chats y archivos con Microsoft Teams.<\/p>\n<p><strong>Facilita la comunicaci\u00f3n y coordinaci\u00f3n de equipos virtuales.<\/strong><\/p>\n<p><!--Aplica las herramientas de Microsoft Teams para la comunicaci\u00f3n y gesti\u00f3n de reuniones en el entorno laboral, respetando criterios de administraci\u00f3n y colaboraci\u00f3n virtual seg\u00fan las necesidades organizacionales.--><\/p>","protected":false},"featured_media":2887,"template":"","meta":[],"product_brand":[],"product_cat":[36,63,67],"product_tag":[56,37],"class_list":{"0":"post-1710","1":"product","2":"type-product","3":"status-publish","4":"has-post-thumbnail","6":"product_cat-transformacion-digital","7":"product_cat-office-365","8":"product_cat-productividad","9":"product_tag-e-learning-sincronico-asincronico","10":"product_tag-presencial","12":"first","13":"instock","14":"shipping-taxable","15":"product-type-simple"},"_links":{"self":[{"href":"https:\/\/otec.tdx.cl\/en\/wp-json\/wp\/v2\/product\/1710","targetHints":{"allow":["GET"]}}],"collection":[{"href":"https:\/\/otec.tdx.cl\/en\/wp-json\/wp\/v2\/product"}],"about":[{"href":"https:\/\/otec.tdx.cl\/en\/wp-json\/wp\/v2\/types\/product"}],"wp:featuredmedia":[{"embeddable":true,"href":"https:\/\/otec.tdx.cl\/en\/wp-json\/wp\/v2\/media\/2887"}],"wp:attachment":[{"href":"https:\/\/otec.tdx.cl\/en\/wp-json\/wp\/v2\/media?parent=1710"}],"wp:term":[{"taxonomy":"product_brand","embeddable":true,"href":"https:\/\/otec.tdx.cl\/en\/wp-json\/wp\/v2\/product_brand?post=1710"},{"taxonomy":"product_cat","embeddable":true,"href":"https:\/\/otec.tdx.cl\/en\/wp-json\/wp\/v2\/product_cat?post=1710"},{"taxonomy":"product_tag","embeddable":true,"href":"https:\/\/otec.tdx.cl\/en\/wp-json\/wp\/v2\/product_tag?post=1710"}],"curies":[{"name":"wp","href":"https:\/\/api.w.org\/{rel}","templated":true}]}}