{"id":2682,"date":"2025-04-17T20:59:05","date_gmt":"2025-04-17T20:59:05","guid":{"rendered":"https:\/\/cursos.tdx.cl\/?post_type=product&#038;p=2682"},"modified":"2026-02-12T17:36:37","modified_gmt":"2026-02-12T20:36:37","slug":"analisis-de-datos-con-power-bi","status":"publish","type":"product","link":"https:\/\/otec.tdx.cl\/en\/curso\/analisis-de-datos-con-power-bi\/","title":{"rendered":"Microsoft Power BI, b\u00e1sico"},"content":{"rendered":"<section class=\"container__descripcion\">\n<div class=\"container__modulos_cursos\">\n<div class=\"modulos_cursos\">\n<h2>M\u00f3dulo 1: <b><span class=\"resaltar__texto_pink\">Interfaz Power BI<\/span><\/b>.<\/h2>\n<p>Reconocer la interfaz de Power BI y sus componentes principales, configurando adecuadamente el entorno de trabajo para importar, organizar y comenzar a analizar datos de forma estructurada.<\/p>\n<\/div>\n<div class=\"modulos_cursos\">\n<h2>M\u00f3dulo 2: <b><span class=\"resaltar__texto_pink\">Consultas con Power BI<\/span><\/b>.<\/h2>\n<p>Aplicar herramientas del entorno de consultas en Power BI para importar datos desde diferentes fuentes, realizar transformaciones b\u00e1sicas y preparar la informaci\u00f3n para su an\u00e1lisis posterior.<\/p>\n<\/div>\n<div class=\"modulos_cursos\">\n<h2>M\u00f3dulo 3: <b><span class=\"resaltar__texto_pink\">Modelamiento de datos<\/span><\/b>.<\/h2>\n<p>Construir modelos de datos en Power BI utilizando relaciones entre tablas, columnas calculadas y medidas simples, optimizando la estructura de datos para an\u00e1lisis eficientes.<\/p>\n<\/div>\n<div class=\"modulos_cursos\">\n<h2>M\u00f3dulo 4: <b><span class=\"resaltar__texto_pink\">Gr\u00e1ficos<\/span><\/b>.<\/h2>\n<p>Dise\u00f1ar visualizaciones interactivas y funcionales en Power BI utilizando distintos tipos de gr\u00e1ficos, filtros y segmentadores, asegurando claridad y coherencia en la representaci\u00f3n visual de los datos.<\/p>\n<\/div>\n<div class=\"modulos_cursos\">\n<h2>M\u00f3dulo 5: <b><span class=\"resaltar__texto_pink\">Dashboard<\/span><\/b>.<\/h2>\n<p>Crear y configurar dashboards en Power BI adaptables a distintos dispositivos, aplicando buenas pr\u00e1cticas de visualizaci\u00f3n y<br \/>\ncomprobando su funcionalidad en entornos m\u00f3viles.<\/p>\n<\/div>\n<\/div>\n<\/section>","protected":false},"excerpt":{"rendered":"<p>Crea reportes visuales interactivos y dashboards en tiempo real con Power BI.<\/p>\n<p><strong>Toma decisiones basadas en datos estrat\u00e9gicos.<\/strong><\/p>\n<p><!--Aprende a conectar, transformar y visualizar datos, crear informes interactivos, aplicar f\u00f3rmulas DAX y dominar herramientas en la nube con Power BI. Ideal para quienes buscan tomar decisiones basadas en datos.--><\/p>","protected":false},"featured_media":2879,"template":"","meta":[],"product_brand":[],"product_cat":[62,67,36],"product_tag":[56],"class_list":{"0":"post-2682","1":"product","2":"type-product","3":"status-publish","4":"has-post-thumbnail","6":"product_cat-habilidades-tic","7":"product_cat-productividad","8":"product_cat-transformacion-digital","9":"product_tag-e-learning-sincronico-asincronico","11":"first","12":"instock","13":"shipping-taxable","14":"product-type-simple"},"_links":{"self":[{"href":"https:\/\/otec.tdx.cl\/en\/wp-json\/wp\/v2\/product\/2682","targetHints":{"allow":["GET"]}}],"collection":[{"href":"https:\/\/otec.tdx.cl\/en\/wp-json\/wp\/v2\/product"}],"about":[{"href":"https:\/\/otec.tdx.cl\/en\/wp-json\/wp\/v2\/types\/product"}],"wp:featuredmedia":[{"embeddable":true,"href":"https:\/\/otec.tdx.cl\/en\/wp-json\/wp\/v2\/media\/2879"}],"wp:attachment":[{"href":"https:\/\/otec.tdx.cl\/en\/wp-json\/wp\/v2\/media?parent=2682"}],"wp:term":[{"taxonomy":"product_brand","embeddable":true,"href":"https:\/\/otec.tdx.cl\/en\/wp-json\/wp\/v2\/product_brand?post=2682"},{"taxonomy":"product_cat","embeddable":true,"href":"https:\/\/otec.tdx.cl\/en\/wp-json\/wp\/v2\/product_cat?post=2682"},{"taxonomy":"product_tag","embeddable":true,"href":"https:\/\/otec.tdx.cl\/en\/wp-json\/wp\/v2\/product_tag?post=2682"}],"curies":[{"name":"wp","href":"https:\/\/api.w.org\/{rel}","templated":true}]}}