{"id":2686,"date":"2025-04-21T21:40:30","date_gmt":"2025-04-21T21:40:30","guid":{"rendered":"https:\/\/cursos.tdx.cl\/?post_type=product&#038;p=2686"},"modified":"2025-07-03T16:46:30","modified_gmt":"2025-07-03T20:46:30","slug":"seguridad-y-organizacion-para-el-trabajo-minero","status":"publish","type":"product","link":"https:\/\/otec.tdx.cl\/en\/curso\/seguridad-y-organizacion-para-el-trabajo-minero\/","title":{"rendered":"Seguridad y Organizaci\u00f3n para el trabajo Minero"},"content":{"rendered":"<section class=\"container__descripcion\">\n<div class=\"container__modulos_cursos\">\n<div class=\"modulos_cursos\">\n<h2>M\u00f3dulo 1: <b><span class=\"resaltar__texto_pink\">Trabajar con Seguridad<\/span><\/b>.<\/h2>\n<p>Identificar medidas de seguridad personal y operacional en la industria minera, analizando peligros y evaluando riesgos seg\u00fan protocolos de seguridad minera.<\/p>\n<\/div>\n<div class=\"modulos_cursos\">\n<h2>M\u00f3dulo 2: <b><span class=\"resaltar__texto_pink\">Medir y calcular con exactitud<\/span><\/b>.<\/h2>\n<p>Aplicar mediciones y c\u00e1lculos b\u00e1sicos en procesos mineros, utilizando estimaci\u00f3n num\u00e9rica y porcentajes seg\u00fan est\u00e1ndares de la industria.<\/p>\n<\/div>\n<div class=\"modulos_cursos\">\n<h2>M\u00f3dulo 3: <b><span class=\"resaltar__texto_pink\">Uso adecuado de herramientas<\/span><\/b>.<\/h2>\n<p>Utilizar equipos de protecci\u00f3n personal y herramientas manuales, el\u00e9ctricas y neum\u00e1ticas seg\u00fan el tipo de faena, condiciones clim\u00e1ticas, altura geogr\u00e1fica y normativa de seguridad y manejo ambiental.<\/p>\n<\/div>\n<div class=\"modulos_cursos\">\n<h2>M\u00f3dulo 4: <b><span class=\"resaltar__texto_pink\">Buenas pr\u00e1cticas medioambientales<\/span><\/b>.<\/h2>\n<p>Identificar los efectos ambientales de las operaciones mineras en Chile, evaluando su impacto y su regulaci\u00f3n seg\u00fan la legislaci\u00f3n ambiental y buenas pr\u00e1cticas mineras.<\/p>\n<\/div>\n<div class=\"modulos_cursos\">\n<h2>M\u00f3dulo 5: <b><span class=\"resaltar__texto_pink\">Procedimiento de Emergencia<\/span><\/b>.<\/h2>\n<p>Aplicar procedimientos b\u00e1sicos de respuesta ante emergencias, incendios y primeros auxilios en faenas mineras, conforme a la normativa de seguridad minera y protocolos de emergencia.<\/p>\n<\/div>\n<div class=\"modulos_cursos\">\n<h2>M\u00f3dulo 6: <b><span class=\"resaltar__texto_pink\"> Organizar el Trabajo Diario<\/span><\/b>.<\/h2>\n<p>Organizar la planificaci\u00f3n y ejecuci\u00f3n del trabajo diario, siguiendo pautas de planificaci\u00f3n y estrategias para resolver contingencias del \u00e1rea de trabajo.<\/p>\n<\/div>\n<div class=\"modulos_cursos\">\n<h2>M\u00f3dulo 7: <b><span class=\"resaltar__texto_pink\"> Actuar con compromiso y responsabilidad<\/span><\/b>.<\/h2>\n<p>Identificar habilidades y actitudes clave para el trabajo minero, evaluando su importancia en el compromiso y la responsabilidad laboral.<\/p>\n<\/div>\n<div class=\"modulos_cursos\">\n<h2>M\u00f3dulo 8: <b><span class=\"resaltar__texto_pink\"> Comunicarse efectivamente en el lugar de trabajo<\/span><\/b>.<\/h2>\n<p>Aplicar procedimientos comunicacionales en miner\u00eda, siguiendo protocolos de la industria y normativas de seguridad.<\/p>\n<\/div>\n<div class=\"modulos_cursos\">\n<h2>M\u00f3dulo 9: <b><span class=\"resaltar__texto_pink\"> Trabajar colaborativamente con los miembros del equipo<\/span><\/b>.<\/h2>\n<p>Emplear estrategias de trabajo colaborativo en la industria minera, fomentando la confianza, comunicaci\u00f3n y resoluci\u00f3n de conflictos seg\u00fan protocolos de gesti\u00f3n de equipos.<\/p>\n<\/div>\n<\/div>\n<\/section>","protected":false},"excerpt":{"rendered":"<p>Entrena en medidas de seguridad, comunicaci\u00f3n y trabajo colaborativo en faenas.<\/p>\n<p><strong>Mejora la prevenci\u00f3n de riesgos y eficiencia en Miner\u00eda.<\/strong><\/p>","protected":false},"featured_media":2882,"template":"","meta":[],"product_brand":[],"product_cat":[28,66],"product_tag":[56,37],"class_list":{"0":"post-2686","1":"product","2":"type-product","3":"status-publish","4":"has-post-thumbnail","6":"product_cat-normativos-y-oficios","7":"product_cat-oficios","8":"product_tag-e-learning-sincronico-asincronico","9":"product_tag-presencial","11":"first","12":"instock","13":"shipping-taxable","14":"product-type-simple"},"_links":{"self":[{"href":"https:\/\/otec.tdx.cl\/en\/wp-json\/wp\/v2\/product\/2686","targetHints":{"allow":["GET"]}}],"collection":[{"href":"https:\/\/otec.tdx.cl\/en\/wp-json\/wp\/v2\/product"}],"about":[{"href":"https:\/\/otec.tdx.cl\/en\/wp-json\/wp\/v2\/types\/product"}],"wp:featuredmedia":[{"embeddable":true,"href":"https:\/\/otec.tdx.cl\/en\/wp-json\/wp\/v2\/media\/2882"}],"wp:attachment":[{"href":"https:\/\/otec.tdx.cl\/en\/wp-json\/wp\/v2\/media?parent=2686"}],"wp:term":[{"taxonomy":"product_brand","embeddable":true,"href":"https:\/\/otec.tdx.cl\/en\/wp-json\/wp\/v2\/product_brand?post=2686"},{"taxonomy":"product_cat","embeddable":true,"href":"https:\/\/otec.tdx.cl\/en\/wp-json\/wp\/v2\/product_cat?post=2686"},{"taxonomy":"product_tag","embeddable":true,"href":"https:\/\/otec.tdx.cl\/en\/wp-json\/wp\/v2\/product_tag?post=2686"}],"curies":[{"name":"wp","href":"https:\/\/api.w.org\/{rel}","templated":true}]}}