{"id":2691,"date":"2025-04-22T14:59:42","date_gmt":"2025-04-22T14:59:42","guid":{"rendered":"https:\/\/cursos.tdx.cl\/?post_type=product&#038;p=2691"},"modified":"2025-07-03T16:36:24","modified_gmt":"2025-07-03T20:36:24","slug":"ley-karin-n21643-prevencion-de-acoso-y-violencia-laboral","status":"publish","type":"product","link":"https:\/\/otec.tdx.cl\/en\/curso\/ley-karin-n21643-prevencion-de-acoso-y-violencia-laboral\/","title":{"rendered":"Ley Karin 21.643, Prevenci\u00f3n de Acoso y Violencia Laboral"},"content":{"rendered":"<section class=\"container__descripcion\">\n<div class=\"container__modulos_cursos\">\n<div class=\"modulos_cursos\">\n<h2>M\u00f3dulo 1: <b><span class=\"resaltar__texto_pink\">Introducci\u00f3n a la Ley Karin 21.643<\/span><\/b>.<\/h2>\n<p>Comprender los fundamentos y el prop\u00f3sito de la Ley Karin as\u00ed como su impacto en el entorno laboral, para fomentar la protecci\u00f3n de los derechos fundamentales y asegurar el cumplimiento de la normativa vigente en la organizaci\u00f3n.<\/p>\n<\/div>\n<div class=\"modulos_cursos\">\n<h2>M\u00f3dulo 2: <b><span class=\"resaltar__texto_pink\">Protocolo de Prevenci\u00f3n del Acoso sexual, laboral y violencia en el trabajo<\/span><\/b>.<\/h2>\n<p>Analizar el Protocolo de Prevenci\u00f3n del Acoso laboral y sexual y aplicar estrategias de gesti\u00f3n preventiva y medidas de protecci\u00f3n que promuevan un entorno laboral seguro y respetuoso en la organizaci\u00f3n.<\/p>\n<\/div>\n<div class=\"modulos_cursos\">\n<h2>M\u00f3dulo 3: <b><span class=\"resaltar__texto_pink\">Obligaciones y responsabilidades bajo la Ley Karin<\/span><\/b>.<\/h2>\n<p>Analizar los procedimientos de denuncia, aplicar medidas de resguardo y evaluar sanciones legales, para garantizar el cumplimiento normativo y fomentar un entorno laboral seguro.<\/p>\n<\/div>\n<\/div>\n<\/section>","protected":false},"excerpt":{"rendered":"<p>Conoce la normativa vigente de la Ley Karin para la prevenci\u00f3n del acoso laboral.<\/p>\n<p><strong>Promueve ambientes seguros y relaciones sanas en el trabajo.<\/strong><\/p>","protected":false},"featured_media":2881,"template":"","meta":[],"product_brand":[],"product_cat":[28,65],"product_tag":[56,37],"class_list":{"0":"post-2691","1":"product","2":"type-product","3":"status-publish","4":"has-post-thumbnail","6":"product_cat-normativos-y-oficios","7":"product_cat-normativos","8":"product_tag-e-learning-sincronico-asincronico","9":"product_tag-presencial","11":"first","12":"instock","13":"shipping-taxable","14":"product-type-simple"},"_links":{"self":[{"href":"https:\/\/otec.tdx.cl\/en\/wp-json\/wp\/v2\/product\/2691","targetHints":{"allow":["GET"]}}],"collection":[{"href":"https:\/\/otec.tdx.cl\/en\/wp-json\/wp\/v2\/product"}],"about":[{"href":"https:\/\/otec.tdx.cl\/en\/wp-json\/wp\/v2\/types\/product"}],"wp:featuredmedia":[{"embeddable":true,"href":"https:\/\/otec.tdx.cl\/en\/wp-json\/wp\/v2\/media\/2881"}],"wp:attachment":[{"href":"https:\/\/otec.tdx.cl\/en\/wp-json\/wp\/v2\/media?parent=2691"}],"wp:term":[{"taxonomy":"product_brand","embeddable":true,"href":"https:\/\/otec.tdx.cl\/en\/wp-json\/wp\/v2\/product_brand?post=2691"},{"taxonomy":"product_cat","embeddable":true,"href":"https:\/\/otec.tdx.cl\/en\/wp-json\/wp\/v2\/product_cat?post=2691"},{"taxonomy":"product_tag","embeddable":true,"href":"https:\/\/otec.tdx.cl\/en\/wp-json\/wp\/v2\/product_tag?post=2691"}],"curies":[{"name":"wp","href":"https:\/\/api.w.org\/{rel}","templated":true}]}}