{"id":2707,"date":"2025-04-22T21:13:12","date_gmt":"2025-04-22T21:13:12","guid":{"rendered":"https:\/\/cursos.tdx.cl\/?post_type=product&#038;p=2707"},"modified":"2026-02-13T15:55:03","modified_gmt":"2026-02-13T18:55:03","slug":"herramientas-digitales","status":"publish","type":"product","link":"https:\/\/otec.tdx.cl\/en\/curso\/herramientas-digitales\/","title":{"rendered":"Herramientas digitales en entornos laborales"},"content":{"rendered":"<section class=\"container__descripcion\">\n<div class=\"container__modulos_cursos\">\n<div class=\"modulos_cursos\">\n<h2>M\u00f3dulo 1: <b><span class=\"resaltar__texto_pink\">Introducci\u00f3n a los Dispositivos M\u00f3viles<\/span><\/b>.<\/h2>\n<p><span class=\"OYPEnA font-feature-liga-off font-feature-clig-off font-feature-calt-off text-decoration-none text-strikethrough-none\">Familiarizar a los participantes con el uso b\u00e1sico de celulares y tabletas. <\/span><\/p>\n<\/div>\n<div class=\"modulos_cursos\">\n<h2>M\u00f3dulo 2: <b><span class=\"resaltar__texto_pink\">Navegaci\u00f3n en Internet y Herramientas de Google<\/span><\/b>.<\/h2>\n<p>Ense\u00f1ar a los participantes a navegar por internet y utilizar herramientas digitales \u00fatiles.<\/p>\n<\/div>\n<div class=\"modulos_cursos\">\n<h2>M\u00f3dulo 3: <b><span class=\"resaltar__texto_pink\">Tr\u00e1mites y Pagos en L\u00ednea<\/span><\/b>.<\/h2>\n<p>Capacitar a los participantes en el uso de apps para tr\u00e1mites y pagos electr\u00f3nicos.<\/p>\n<\/div>\n<div class=\"modulos_cursos\">\n<h2>M\u00f3dulo 4: <b><span class=\"resaltar__texto_pink\">Redes Sociales y Aplicaciones para la Vida Cotidiana<\/span><\/b>.<\/h2>\n<p>Explorar el uso de redes sociales y otras apps para el entretenimiento y bienestar.<\/p>\n<\/div>\n<\/div>\n<\/section>","protected":false},"excerpt":{"rendered":"<p>Capacita en el uso pr\u00e1ctico de herramientas digitales para la navegaci\u00f3n, comunicaci\u00f3n y ofim\u00e1tica.<\/p>\n<p><strong>Mejora la eficiencia y colaboraci\u00f3n en el trabajo. <\/strong><br \/>\n<!--Aprende a utilizar herramientas digitales esenciales para la navegaci\u00f3n en internet, la\u00a0comunicaci\u00f3n, la\u00a0ofim\u00e1tica y la\u00a0seguridad. --><\/p>","protected":false},"featured_media":2883,"template":"","meta":[],"product_brand":[],"product_cat":[36,67],"product_tag":[56],"class_list":{"0":"post-2707","1":"product","2":"type-product","3":"status-publish","4":"has-post-thumbnail","6":"product_cat-transformacion-digital","7":"product_cat-productividad","8":"product_tag-e-learning-sincronico-asincronico","10":"first","11":"instock","12":"shipping-taxable","13":"product-type-simple"},"_links":{"self":[{"href":"https:\/\/otec.tdx.cl\/en\/wp-json\/wp\/v2\/product\/2707","targetHints":{"allow":["GET"]}}],"collection":[{"href":"https:\/\/otec.tdx.cl\/en\/wp-json\/wp\/v2\/product"}],"about":[{"href":"https:\/\/otec.tdx.cl\/en\/wp-json\/wp\/v2\/types\/product"}],"wp:featuredmedia":[{"embeddable":true,"href":"https:\/\/otec.tdx.cl\/en\/wp-json\/wp\/v2\/media\/2883"}],"wp:attachment":[{"href":"https:\/\/otec.tdx.cl\/en\/wp-json\/wp\/v2\/media?parent=2707"}],"wp:term":[{"taxonomy":"product_brand","embeddable":true,"href":"https:\/\/otec.tdx.cl\/en\/wp-json\/wp\/v2\/product_brand?post=2707"},{"taxonomy":"product_cat","embeddable":true,"href":"https:\/\/otec.tdx.cl\/en\/wp-json\/wp\/v2\/product_cat?post=2707"},{"taxonomy":"product_tag","embeddable":true,"href":"https:\/\/otec.tdx.cl\/en\/wp-json\/wp\/v2\/product_tag?post=2707"}],"curies":[{"name":"wp","href":"https:\/\/api.w.org\/{rel}","templated":true}]}}