{"id":2797,"date":"2025-04-30T19:16:19","date_gmt":"2025-04-30T19:16:19","guid":{"rendered":"https:\/\/cursos.tdx.cl\/?post_type=product&#038;p=2797"},"modified":"2026-02-12T17:36:37","modified_gmt":"2026-02-12T20:36:37","slug":"excel-avanzado","status":"publish","type":"product","link":"https:\/\/otec.tdx.cl\/en\/curso\/excel-avanzado\/","title":{"rendered":"Microsoft Excel avanzado"},"content":{"rendered":"<section class=\"container__descripcion\">\n<div class=\"container__modulos_cursos\">\n<div class=\"modulos_cursos\">\n<h2>M\u00f3dulo 1: <b><span class=\"resaltar__texto_pink\">Funciones Avanzadas<\/span><\/b>.<\/h2>\n<p>Reconocer funciones avanzadas de Excel para realizar c\u00e1lculos condicionales, segmentar informaci\u00f3n y resolver problemas en hojas de c\u00e1lculo con m\u00faltiples variables.<\/p>\n<\/div>\n<div class=\"modulos_cursos\">\n<h2>M\u00f3dulo 2: <b><span class=\"resaltar__texto_pink\">Tablas Din\u00e1micas<\/span><\/b>.<\/h2>\n<p>Analizar el uso de tablas din\u00e1micas para organizar, resumir y visualizar grandes vol\u00famenes de datos, incorporando agrupamientos y c\u00e1lculos personalizados.<\/p>\n<\/div>\n<div class=\"modulos_cursos\">\n<h2>M\u00f3dulo 3: <b><span class=\"resaltar__texto_pink\">Trabajo Colaborativo<\/span><\/b>.<\/h2>\n<p>Identificar herramientas de colaboraci\u00f3n en l\u00ednea de Excel para compartir, revisar y editar documentos de forma simult\u00e1nea en entornos digitales.<\/p>\n<\/div>\n<div class=\"modulos_cursos\">\n<h2>M\u00f3dulo 4: <b><span class=\"resaltar__texto_pink\">Protecci\u00f3n de Datos y Macros<\/span><\/b>.<\/h2>\n<p>Examinar las opciones de protecci\u00f3n y automatizaci\u00f3n en Excel para restringir el acceso a la informaci\u00f3n y optimizar tareas repetitivas, mediante macros grabadas.<\/p>\n<\/div>\n<\/div>\n<\/section>","protected":false},"excerpt":{"rendered":"<p>Automatiza tareas y flujos de trabajo en Excel nivel avanzado usando macros.<\/p>\n<p><strong>Mejora la eficiencia operativa en tareas repetitivas.<\/strong><\/p>","protected":false},"featured_media":2889,"template":"","meta":[],"product_brand":[],"product_cat":[62,67,36],"product_tag":[56,37],"class_list":{"0":"post-2797","1":"product","2":"type-product","3":"status-publish","4":"has-post-thumbnail","6":"product_cat-habilidades-tic","7":"product_cat-productividad","8":"product_cat-transformacion-digital","9":"product_tag-e-learning-sincronico-asincronico","10":"product_tag-presencial","12":"first","13":"instock","14":"shipping-taxable","15":"product-type-simple"},"_links":{"self":[{"href":"https:\/\/otec.tdx.cl\/en\/wp-json\/wp\/v2\/product\/2797","targetHints":{"allow":["GET"]}}],"collection":[{"href":"https:\/\/otec.tdx.cl\/en\/wp-json\/wp\/v2\/product"}],"about":[{"href":"https:\/\/otec.tdx.cl\/en\/wp-json\/wp\/v2\/types\/product"}],"wp:featuredmedia":[{"embeddable":true,"href":"https:\/\/otec.tdx.cl\/en\/wp-json\/wp\/v2\/media\/2889"}],"wp:attachment":[{"href":"https:\/\/otec.tdx.cl\/en\/wp-json\/wp\/v2\/media?parent=2797"}],"wp:term":[{"taxonomy":"product_brand","embeddable":true,"href":"https:\/\/otec.tdx.cl\/en\/wp-json\/wp\/v2\/product_brand?post=2797"},{"taxonomy":"product_cat","embeddable":true,"href":"https:\/\/otec.tdx.cl\/en\/wp-json\/wp\/v2\/product_cat?post=2797"},{"taxonomy":"product_tag","embeddable":true,"href":"https:\/\/otec.tdx.cl\/en\/wp-json\/wp\/v2\/product_tag?post=2797"}],"curies":[{"name":"wp","href":"https:\/\/api.w.org\/{rel}","templated":true}]}}