{"id":2800,"date":"2025-04-30T19:41:07","date_gmt":"2025-04-30T19:41:07","guid":{"rendered":"https:\/\/cursos.tdx.cl\/?post_type=product&#038;p=2800"},"modified":"2026-02-12T17:36:37","modified_gmt":"2026-02-12T20:36:37","slug":"power-automate","status":"publish","type":"product","link":"https:\/\/otec.tdx.cl\/en\/curso\/power-automate\/","title":{"rendered":"Microsoft Power Automate"},"content":{"rendered":"<section class=\"container__descripcion\">\n<div class=\"container__modulos_cursos\">\n<div class=\"modulos_cursos\">\n<h2>M\u00f3dulo 1: <b><span class=\"resaltar__texto_pink\">Introducci\u00f3n a Power Automate<\/span><\/b>.<\/h2>\n<p>Identificar los aspectos fundamentales de la aplicaci\u00f3n, c\u00f3mo la capacidad, prop\u00f3sitos y tipos de flujo.<\/p>\n<\/div>\n<div class=\"modulos_cursos\">\n<h2>M\u00f3dulo 2: <b><span class=\"resaltar__texto_pink\">Conceptos esenciales en flujos<\/span><\/b>.<\/h2>\n<p>Reconocer los conceptos esenciales que permiten el trabajo con flujos en Power Automate.<\/p>\n<\/div>\n<div class=\"modulos_cursos\">\n<h2>M\u00f3dulo 3: <b><span class=\"resaltar__texto_pink\">Creaci\u00f3n de flujos a partir de cero: Flujos de nube automatizados<\/span><\/b>.<\/h2>\n<p>Distinguir funciones y expresiones de Power Automate en la creaci\u00f3n de flujos automatizados en la nube.<\/p>\n<\/div>\n<div class=\"modulos_cursos\">\n<h2>M\u00f3dulo 4: <b><span class=\"resaltar__texto_pink\">Automatizaci\u00f3n de proceso desde el escritorio<\/span><\/b>.<\/h2>\n<p>Utilizar herramientas de la interfaz en la creaci\u00f3n de flujos que automaticen tareas de escritorio.<\/p>\n<\/div>\n<div class=\"modulos_cursos\">\n<h2>M\u00f3dulo 5: <b><span class=\"resaltar__texto_pink\">Automatizaci\u00f3n de proceso de negocio desde la nube<\/span><\/b>.<\/h2>\n<p>Dise\u00f1ar flujos que incorporen bucles y condicionales en la automatizaci\u00f3n de tareas y proceso empresariales.<\/p>\n<\/div>\n<\/div>\n<\/section>","protected":false},"excerpt":{"rendered":"<p>Automatiza flujos de trabajo con Microsoft Power Automate.<\/p>\n<p><strong>Agiliza procesos y reduce la carga operativa.<\/strong><\/p>","protected":false},"featured_media":2867,"template":"","meta":[],"product_brand":[],"product_cat":[36,62,67],"product_tag":[56],"class_list":{"0":"post-2800","1":"product","2":"type-product","3":"status-publish","4":"has-post-thumbnail","6":"product_cat-transformacion-digital","7":"product_cat-habilidades-tic","8":"product_cat-productividad","9":"product_tag-e-learning-sincronico-asincronico","11":"first","12":"instock","13":"shipping-taxable","14":"product-type-simple"},"_links":{"self":[{"href":"https:\/\/otec.tdx.cl\/en\/wp-json\/wp\/v2\/product\/2800","targetHints":{"allow":["GET"]}}],"collection":[{"href":"https:\/\/otec.tdx.cl\/en\/wp-json\/wp\/v2\/product"}],"about":[{"href":"https:\/\/otec.tdx.cl\/en\/wp-json\/wp\/v2\/types\/product"}],"wp:featuredmedia":[{"embeddable":true,"href":"https:\/\/otec.tdx.cl\/en\/wp-json\/wp\/v2\/media\/2867"}],"wp:attachment":[{"href":"https:\/\/otec.tdx.cl\/en\/wp-json\/wp\/v2\/media?parent=2800"}],"wp:term":[{"taxonomy":"product_brand","embeddable":true,"href":"https:\/\/otec.tdx.cl\/en\/wp-json\/wp\/v2\/product_brand?post=2800"},{"taxonomy":"product_cat","embeddable":true,"href":"https:\/\/otec.tdx.cl\/en\/wp-json\/wp\/v2\/product_cat?post=2800"},{"taxonomy":"product_tag","embeddable":true,"href":"https:\/\/otec.tdx.cl\/en\/wp-json\/wp\/v2\/product_tag?post=2800"}],"curies":[{"name":"wp","href":"https:\/\/api.w.org\/{rel}","templated":true}]}}