{"id":2822,"date":"2025-05-02T04:16:07","date_gmt":"2025-05-02T04:16:07","guid":{"rendered":"https:\/\/cursos.tdx.cl\/?post_type=product&#038;p=2822"},"modified":"2025-07-03T15:16:45","modified_gmt":"2025-07-03T19:16:45","slug":"tecnicas-de-gestion-de-proyectos","status":"publish","type":"product","link":"https:\/\/otec.tdx.cl\/en\/curso\/tecnicas-de-gestion-de-proyectos\/","title":{"rendered":"Gesti\u00f3n de Proyectos en contextos organizacionales"},"content":{"rendered":"<section class=\"container__descripcion\">\n<div class=\"container__modulos_cursos\">\n<div class=\"modulos_cursos\">\n<h2>M\u00f3dulo 1: <b><span class=\"resaltar__texto_pink\">T\u00e9cnicas de gesti\u00f3n de proyectos<\/span><\/b>.<\/h2>\n<p>Reconocer los fundamentos y etapas de la gesti\u00f3n de proyectos identificando sus caracter\u00edsticas, ventajas, desventajas y elementos clave de acuerdo con enfoques organizacionales vigentes.<\/p>\n<\/div>\n<div class=\"modulos_cursos\">\n<h2>M\u00f3dulo 2: <b><span class=\"resaltar__texto_pink\">Metodolog\u00edas en Cascada y \u00c1gil<\/span><\/b>.<\/h2>\n<p>Distinguir las caracter\u00edsticas, etapas y herramientas de las metodolog\u00edas tradicionales y \u00e1giles de gesti\u00f3n de proyectos, identificando sus diferencias y criterios de aplicaci\u00f3n seg\u00fan el tipo de proyecto organizacional.<\/p>\n<\/div>\n<\/div>\n<\/section>","protected":false},"excerpt":{"rendered":"<p>Introducci\u00f3n pr\u00e1ctica a la planificaci\u00f3n y gesti\u00f3n de proyectos.<\/p>\n<p><strong>Ideal para equipos que inician procesos de organizaci\u00f3n por proyectos.<\/strong><\/p>","protected":false},"featured_media":2874,"template":"","meta":[],"product_brand":[],"product_cat":[29,60],"product_tag":[53],"class_list":{"0":"post-2822","1":"product","2":"type-product","3":"status-publish","4":"has-post-thumbnail","6":"product_cat-bienestar-laboral","7":"product_cat-soft-skills","8":"product_tag-e-learning-asincronico","10":"first","11":"instock","12":"shipping-taxable","13":"product-type-simple"},"_links":{"self":[{"href":"https:\/\/otec.tdx.cl\/en\/wp-json\/wp\/v2\/product\/2822","targetHints":{"allow":["GET"]}}],"collection":[{"href":"https:\/\/otec.tdx.cl\/en\/wp-json\/wp\/v2\/product"}],"about":[{"href":"https:\/\/otec.tdx.cl\/en\/wp-json\/wp\/v2\/types\/product"}],"wp:featuredmedia":[{"embeddable":true,"href":"https:\/\/otec.tdx.cl\/en\/wp-json\/wp\/v2\/media\/2874"}],"wp:attachment":[{"href":"https:\/\/otec.tdx.cl\/en\/wp-json\/wp\/v2\/media?parent=2822"}],"wp:term":[{"taxonomy":"product_brand","embeddable":true,"href":"https:\/\/otec.tdx.cl\/en\/wp-json\/wp\/v2\/product_brand?post=2822"},{"taxonomy":"product_cat","embeddable":true,"href":"https:\/\/otec.tdx.cl\/en\/wp-json\/wp\/v2\/product_cat?post=2822"},{"taxonomy":"product_tag","embeddable":true,"href":"https:\/\/otec.tdx.cl\/en\/wp-json\/wp\/v2\/product_tag?post=2822"}],"curies":[{"name":"wp","href":"https:\/\/api.w.org\/{rel}","templated":true}]}}