{"id":2823,"date":"2025-05-02T04:18:34","date_gmt":"2025-05-02T04:18:34","guid":{"rendered":"https:\/\/cursos.tdx.cl\/?post_type=product&#038;p=2823"},"modified":"2025-06-16T15:58:16","modified_gmt":"2025-06-16T19:58:16","slug":"tecnicas-de-emprendimiento","status":"publish","type":"product","link":"https:\/\/otec.tdx.cl\/en\/curso\/tecnicas-de-emprendimiento\/","title":{"rendered":"T\u00e9cnicas de Emprendimiento"},"content":{"rendered":"<section class=\"container__descripcion\">\n<div class=\"container__modulos_cursos\">\n<div class=\"modulos_cursos\">\n<h2>M\u00f3dulo 1: <b><span class=\"resaltar__texto_pink\">Fundamentos del Emprendimiento<\/span><\/b>.<\/h2>\n<p>Reconocer los fundamentos del emprendimiento, considerando su evoluci\u00f3n hist\u00f3rica y oportunidades, para analizar las implicancias de emprender en diversos contextos.\n<\/p><\/div>\n<div class=\"modulos_cursos\">\n<h2>M\u00f3dulo 2: <b><span class=\"resaltar__texto_pink\">Perfil y Competencias del Emprendedor<\/span><\/b>.<\/h2>\n<p>Saber las cualidades y competencias del emprendedor, considerando su personalidad, mentalidad y habilidades, para proyectar su rol en contextos de cambio e innovaci\u00f3n.\n<\/p><\/div>\n<div class=\"modulos_cursos\">\n<h2>M\u00f3dulo 3: <b><span class=\"resaltar__texto_pink\">Formulaci\u00f3n del Proyecto Emprendedor<\/span><\/b>.<\/h2>\n<p>Elaborar los elementos fundamentales de un proyecto de emprendimiento, considerando fases de ideaci\u00f3n, planificaci\u00f3n y ejecuci\u00f3n, para estructurar una propuesta viable.\n<\/p><\/div>\n<\/div>\n<\/section>","protected":false},"excerpt":{"rendered":"<p>Herramientas esenciales de emprendimiento para planificar y lanzar un negocio propio. <\/p>\n<p><strong>Fortalece la autonom\u00eda laboral y la innovaci\u00f3n.<\/strong><\/p>","protected":false},"featured_media":2886,"template":"","meta":[],"product_brand":[],"product_cat":[29,60],"product_tag":[53],"class_list":{"0":"post-2823","1":"product","2":"type-product","3":"status-publish","4":"has-post-thumbnail","6":"product_cat-bienestar-laboral","7":"product_cat-soft-skills","8":"product_tag-e-learning-asincronico","10":"first","11":"instock","12":"shipping-taxable","13":"product-type-simple"},"_links":{"self":[{"href":"https:\/\/otec.tdx.cl\/en\/wp-json\/wp\/v2\/product\/2823","targetHints":{"allow":["GET"]}}],"collection":[{"href":"https:\/\/otec.tdx.cl\/en\/wp-json\/wp\/v2\/product"}],"about":[{"href":"https:\/\/otec.tdx.cl\/en\/wp-json\/wp\/v2\/types\/product"}],"wp:featuredmedia":[{"embeddable":true,"href":"https:\/\/otec.tdx.cl\/en\/wp-json\/wp\/v2\/media\/2886"}],"wp:attachment":[{"href":"https:\/\/otec.tdx.cl\/en\/wp-json\/wp\/v2\/media?parent=2823"}],"wp:term":[{"taxonomy":"product_brand","embeddable":true,"href":"https:\/\/otec.tdx.cl\/en\/wp-json\/wp\/v2\/product_brand?post=2823"},{"taxonomy":"product_cat","embeddable":true,"href":"https:\/\/otec.tdx.cl\/en\/wp-json\/wp\/v2\/product_cat?post=2823"},{"taxonomy":"product_tag","embeddable":true,"href":"https:\/\/otec.tdx.cl\/en\/wp-json\/wp\/v2\/product_tag?post=2823"}],"curies":[{"name":"wp","href":"https:\/\/api.w.org\/{rel}","templated":true}]}}