{"id":2825,"date":"2025-05-02T04:38:10","date_gmt":"2025-05-02T04:38:10","guid":{"rendered":"https:\/\/cursos.tdx.cl\/?post_type=product&#038;p=2825"},"modified":"2026-02-13T11:53:17","modified_gmt":"2026-02-13T14:53:17","slug":"buen-trato-en-servicios-de-salud","status":"publish","type":"product","link":"https:\/\/otec.tdx.cl\/en\/curso\/buen-trato-en-servicios-de-salud\/","title":{"rendered":"Buen Trato en Servicios de Salud"},"content":{"rendered":"<section class=\"container__descripcion\">\n<div class=\"container__modulos_cursos\">\n<div class=\"modulos_cursos\">\n<h2>M\u00f3dulo 1: <b><span class=\"resaltar__texto_pink\">Fundamentos del Buen Trato en Salud<\/span><\/b>.<\/h2>\n<p>Interpretar los fundamentos del trato digno y la calidad del servicio conforme a los principios \u00e9ticos, organizacionales y a la Ley N\u00b0 20.584 sobre derechos y deberes de las personas.<\/p>\n<\/div>\n<div class=\"modulos_cursos\">\n<h2>M\u00f3dulo 2: <b><span class=\"resaltar__texto_pink\">Comunicaci\u00f3n efectiva y Empat\u00eda cl\u00ednica<\/span><\/b>.<\/h2>\n<p>Distinguir t\u00e9cnicas de comunicaci\u00f3n efectiva y empat\u00eda cl\u00ednica en situaciones de informaci\u00f3n delicada, contenci\u00f3n emocional y conflictos con personas usuarias del sistema de salud.<\/p>\n<\/div>\n<div class=\"modulos_cursos\">\n<h2>M\u00f3dulo 3: <b><span class=\"resaltar__texto_pink\">Buen Trato hacia Personas Mayores<\/span><\/b>.<\/h2>\n<p>Identificar elementos de la atenci\u00f3n humanizada considerando la vulnerabilidad, derechos y necesidades emocionales de personas en situaci\u00f3n de enfermedad.\n<\/p><\/div>\n<div class=\"modulos_cursos\">\n<h2>M\u00f3dulo 4: <b><span class=\"resaltar__texto_pink\">Atenci\u00f3n digna y adaptada a la diversidad<\/span><\/b>.<\/h2>\n<p>Distinguir aspectos del trato digno hacia personas mayores considerando cambios biopsicosociales, diversidad cultural y enfoque inclusivo.<\/p>\n<\/div>\n<div class=\"modulos_cursos\">\n<h2>M\u00f3dulo 5: <b><span class=\"resaltar__texto_pink\">Satisfacci\u00f3n del usuario y Mejora continua en Salud<\/span><\/b>.<\/h2>\n<p>Analizar componentes de evaluaci\u00f3n de la satisfacci\u00f3n usuaria y acciones de mejora continua en base a criterios institucionales de calidad.<\/p>\n<\/div>\n<\/div>\n<\/section>","protected":false},"excerpt":{"rendered":"<p>Aplica principios \u00e9ticos y comunicacionales para mejorar el trato en contextos cl\u00ednicos.<\/p>\n<p><strong>Transforma la experiencia de atenci\u00f3n en salud con pr\u00e1cticas \u00e9ticas, emp\u00e1ticas y centradas en la persona.<\/strong><\/p>","protected":false},"featured_media":2868,"template":"","meta":[],"product_brand":[],"product_cat":[29,64],"product_tag":[53],"class_list":{"0":"post-2825","1":"product","2":"type-product","3":"status-publish","4":"has-post-thumbnail","6":"product_cat-bienestar-laboral","7":"product_cat-calidad-de-vida","8":"product_tag-e-learning-asincronico","10":"first","11":"instock","12":"shipping-taxable","13":"product-type-simple"},"_links":{"self":[{"href":"https:\/\/otec.tdx.cl\/en\/wp-json\/wp\/v2\/product\/2825","targetHints":{"allow":["GET"]}}],"collection":[{"href":"https:\/\/otec.tdx.cl\/en\/wp-json\/wp\/v2\/product"}],"about":[{"href":"https:\/\/otec.tdx.cl\/en\/wp-json\/wp\/v2\/types\/product"}],"wp:featuredmedia":[{"embeddable":true,"href":"https:\/\/otec.tdx.cl\/en\/wp-json\/wp\/v2\/media\/2868"}],"wp:attachment":[{"href":"https:\/\/otec.tdx.cl\/en\/wp-json\/wp\/v2\/media?parent=2825"}],"wp:term":[{"taxonomy":"product_brand","embeddable":true,"href":"https:\/\/otec.tdx.cl\/en\/wp-json\/wp\/v2\/product_brand?post=2825"},{"taxonomy":"product_cat","embeddable":true,"href":"https:\/\/otec.tdx.cl\/en\/wp-json\/wp\/v2\/product_cat?post=2825"},{"taxonomy":"product_tag","embeddable":true,"href":"https:\/\/otec.tdx.cl\/en\/wp-json\/wp\/v2\/product_tag?post=2825"}],"curies":[{"name":"wp","href":"https:\/\/api.w.org\/{rel}","templated":true}]}}