{"id":2826,"date":"2025-05-02T04:40:07","date_gmt":"2025-05-02T04:40:07","guid":{"rendered":"https:\/\/cursos.tdx.cl\/?post_type=product&#038;p=2826"},"modified":"2025-07-03T13:35:46","modified_gmt":"2025-07-03T17:35:46","slug":"inclusion-y-gestion-de-la-diversidad","status":"publish","type":"product","link":"https:\/\/otec.tdx.cl\/en\/curso\/inclusion-y-gestion-de-la-diversidad\/","title":{"rendered":"Inclusi\u00f3n y Gesti\u00f3n de la Diversidad Laboral"},"content":{"rendered":"<section class=\"container__descripcion\">\n<div class=\"container__modulos_cursos\">\n<div class=\"modulos_cursos\">\n<h2>M\u00f3dulo 1: <b><span class=\"resaltar__texto_pink\">Marco normativo de la inclusi\u00f3n en Chile<\/span><\/b>.<\/h2>\n<p>Identificar el marco normativo que establece y regula la inclusi\u00f3n laboral en Chile.<\/p>\n<\/div>\n<div class=\"modulos_cursos\">\n<h2>M\u00f3dulo 2: <b><span class=\"resaltar__texto_pink\">Conceptos fundamentales<\/span><\/b>.<\/h2>\n<p>Identificar conceptos fundamentales de inclusi\u00f3n y diversidad en contextos laborales.<\/p>\n<\/div>\n<div class=\"modulos_cursos\">\n<h2>M\u00f3dulo 3: <b><span class=\"resaltar__texto_pink\">Implicancias de la discapacidad<\/span><\/b>.<\/h2>\n<p>Reconocer los principales conceptos y categor\u00edas de la discapacidad orientada en contextos sociolaborales.<\/p>\n<\/div>\n<div class=\"modulos_cursos\">\n<h2>M\u00f3dulo 4: <b><span class=\"resaltar__texto_pink\">Situaciones de discriminaci\u00f3n en el \u00e1mbito laboral<\/span><\/b>.<\/h2>\n<p>Distinguir las situaciones m\u00e1s comunes de discriminaci\u00f3n dadas en el \u00e1mbito laboral.<\/p>\n<\/div>\n<div class=\"modulos_cursos\">\n<h2>M\u00f3dulo 5: <b><span class=\"resaltar__texto_pink\">Diagn\u00f3stico e implementaci\u00f3n de la gesti\u00f3n inclusiva<\/span><\/b>.<\/h2>\n<p>Reconocer herramientas de an\u00e1lisis y gesti\u00f3n en el proceso de implementaci\u00f3n de la gesti\u00f3n inclusiva.<\/p>\n<\/div>\n<div class=\"modulos_cursos\">\n<h2>M\u00f3dulo 6: <b><span class=\"resaltar__texto_pink\">Hacia una nueva mirada organizacional<\/span><\/b>.<\/h2>\n<p>Reconocer la potencialidad de mejora inclusiva dentro de una organizaci\u00f3n y los beneficios que conlleva.<\/p>\n<\/div>\n<\/div>\n<\/section>","protected":false},"excerpt":{"rendered":"<p>Aborda estrategias para crear espacios laborales inclusivos y con diversidad.<\/p>\n<p><strong> Potencia culturas de respeto y pertenencia.<\/strong><\/p>","protected":false},"featured_media":2875,"template":"","meta":[],"product_brand":[],"product_cat":[29,64],"product_tag":[53],"class_list":{"0":"post-2826","1":"product","2":"type-product","3":"status-publish","4":"has-post-thumbnail","6":"product_cat-bienestar-laboral","7":"product_cat-calidad-de-vida","8":"product_tag-e-learning-asincronico","10":"first","11":"instock","12":"shipping-taxable","13":"product-type-simple"},"_links":{"self":[{"href":"https:\/\/otec.tdx.cl\/en\/wp-json\/wp\/v2\/product\/2826","targetHints":{"allow":["GET"]}}],"collection":[{"href":"https:\/\/otec.tdx.cl\/en\/wp-json\/wp\/v2\/product"}],"about":[{"href":"https:\/\/otec.tdx.cl\/en\/wp-json\/wp\/v2\/types\/product"}],"wp:featuredmedia":[{"embeddable":true,"href":"https:\/\/otec.tdx.cl\/en\/wp-json\/wp\/v2\/media\/2875"}],"wp:attachment":[{"href":"https:\/\/otec.tdx.cl\/en\/wp-json\/wp\/v2\/media?parent=2826"}],"wp:term":[{"taxonomy":"product_brand","embeddable":true,"href":"https:\/\/otec.tdx.cl\/en\/wp-json\/wp\/v2\/product_brand?post=2826"},{"taxonomy":"product_cat","embeddable":true,"href":"https:\/\/otec.tdx.cl\/en\/wp-json\/wp\/v2\/product_cat?post=2826"},{"taxonomy":"product_tag","embeddable":true,"href":"https:\/\/otec.tdx.cl\/en\/wp-json\/wp\/v2\/product_tag?post=2826"}],"curies":[{"name":"wp","href":"https:\/\/api.w.org\/{rel}","templated":true}]}}