{"id":2829,"date":"2025-05-02T04:53:31","date_gmt":"2025-05-02T04:53:31","guid":{"rendered":"https:\/\/cursos.tdx.cl\/?post_type=product&#038;p=2829"},"modified":"2025-07-03T13:27:19","modified_gmt":"2025-07-03T17:27:19","slug":"trabajo-en-altura","status":"publish","type":"product","link":"https:\/\/otec.tdx.cl\/en\/curso\/trabajo-en-altura\/","title":{"rendered":"T\u00e9cnicas seguras para el Trabajo en Altura"},"content":{"rendered":"<section class=\"container__descripcion\">\n<div class=\"container__modulos_cursos\">\n<div class=\"modulos_cursos\">\n<h2>M\u00f3dulo 1: <b><span class=\"resaltar__texto_pink\">Introducci\u00f3n al Trabajo en Altura y selecci\u00f3n de Equipos de Protecci\u00f3n Personal<\/span><\/b>.<\/h2>\n<p>Analizar los fundamentos del trabajo en altura y las caracter\u00edsticas t\u00e9cnicas de los equipos de protecci\u00f3n personal, considerando su aplicabilidad frente a riesgos espec\u00edficos seg\u00fan normativa vigente.<\/p>\n<\/div>\n<div class=\"modulos_cursos\">\n<h2>M\u00f3dulo 2: <b><span class=\"resaltar__texto_pink\">Protecci\u00f3n contra ca\u00eddas, c\u00e1lculo de espacios libres y prevenci\u00f3n de riesgos asociados<\/span><\/b>.<\/h2>\n<p>Evaluar los sistemas de protecci\u00f3n contra ca\u00eddas y el espacio libre requerido, considerando riesgos espec\u00edficos y la normativa vigente en contextos de trabajo en altura.<\/p>\n<\/div>\n<\/div>\n<\/section>","protected":false},"excerpt":{"rendered":"<p>Conoce t\u00e9cnicas y normativas para operar de forma segura el trabajo en altura.<\/p>\n<p><strong>Minimiza accidentes y refuerza la seguridad en entornos industriales<\/strong><\/p>","protected":false},"featured_media":2866,"template":"","meta":[],"product_brand":[],"product_cat":[28,66],"product_tag":[53],"class_list":{"0":"post-2829","1":"product","2":"type-product","3":"status-publish","4":"has-post-thumbnail","6":"product_cat-normativos-y-oficios","7":"product_cat-oficios","8":"product_tag-e-learning-asincronico","10":"first","11":"instock","12":"shipping-taxable","13":"product-type-simple"},"_links":{"self":[{"href":"https:\/\/otec.tdx.cl\/en\/wp-json\/wp\/v2\/product\/2829","targetHints":{"allow":["GET"]}}],"collection":[{"href":"https:\/\/otec.tdx.cl\/en\/wp-json\/wp\/v2\/product"}],"about":[{"href":"https:\/\/otec.tdx.cl\/en\/wp-json\/wp\/v2\/types\/product"}],"wp:featuredmedia":[{"embeddable":true,"href":"https:\/\/otec.tdx.cl\/en\/wp-json\/wp\/v2\/media\/2866"}],"wp:attachment":[{"href":"https:\/\/otec.tdx.cl\/en\/wp-json\/wp\/v2\/media?parent=2829"}],"wp:term":[{"taxonomy":"product_brand","embeddable":true,"href":"https:\/\/otec.tdx.cl\/en\/wp-json\/wp\/v2\/product_brand?post=2829"},{"taxonomy":"product_cat","embeddable":true,"href":"https:\/\/otec.tdx.cl\/en\/wp-json\/wp\/v2\/product_cat?post=2829"},{"taxonomy":"product_tag","embeddable":true,"href":"https:\/\/otec.tdx.cl\/en\/wp-json\/wp\/v2\/product_tag?post=2829"}],"curies":[{"name":"wp","href":"https:\/\/api.w.org\/{rel}","templated":true}]}}