{"id":2830,"date":"2025-05-02T04:55:15","date_gmt":"2025-05-02T04:55:15","guid":{"rendered":"https:\/\/cursos.tdx.cl\/?post_type=product&#038;p=2830"},"modified":"2025-08-22T13:35:10","modified_gmt":"2025-08-22T17:35:10","slug":"tecnicas-de-rigger","status":"publish","type":"product","link":"https:\/\/otec.tdx.cl\/en\/curso\/tecnicas-de-rigger\/","title":{"rendered":"T\u00e9cnicas de Izaje para Rigger"},"content":{"rendered":"<section class=\"container__descripcion\">\n<div class=\"container__modulos_cursos\">\n<div class=\"modulos_cursos\">\n<h2>M\u00f3dulo 1: <b><span class=\"resaltar__texto_pink\">Fundamentos del Rigger y Seguridad en Maniobras de Levante<\/span><\/b>.<\/h2>\n<p>Reconocer el rol del Rigger en condiciones de operaci\u00f3n controlada, a trav\u00e9s de sus funciones, responsabilidades, planificaci\u00f3n b\u00e1sica de maniobras de levante y medidas de seguridad operativa.<\/p>\n<\/div>\n<div class=\"modulos_cursos\">\n<h2>M\u00f3dulo 2: <b><span class=\"resaltar__texto_pink\">Se\u00f1alizaci\u00f3n Manual del Rigger<\/span><\/b>.<\/h2>\n<p>Interpretar se\u00f1ales manuales en maniobras de izaje durante operaciones controladas, en coordinaci\u00f3n con el operador de gr\u00faa, seg\u00fan protocolos de comunicaci\u00f3n establecidos.<\/p>\n<\/div>\n<\/div>\n<\/section>","protected":false},"excerpt":{"rendered":"<p>Aprende t\u00e9cnicas de Rigger izaje y manipulaci\u00f3n de cargas con seguridad.<\/p>\n<p><strong>Previene accidentes y garantiza una operaci\u00f3n responsable.<\/strong><\/p>","protected":false},"featured_media":3529,"template":"","meta":[],"product_brand":[],"product_cat":[28,66],"product_tag":[53],"class_list":{"0":"post-2830","1":"product","2":"type-product","3":"status-publish","4":"has-post-thumbnail","6":"product_cat-normativos-y-oficios","7":"product_cat-oficios","8":"product_tag-e-learning-asincronico","10":"first","11":"instock","12":"shipping-taxable","13":"product-type-simple"},"_links":{"self":[{"href":"https:\/\/otec.tdx.cl\/en\/wp-json\/wp\/v2\/product\/2830","targetHints":{"allow":["GET"]}}],"collection":[{"href":"https:\/\/otec.tdx.cl\/en\/wp-json\/wp\/v2\/product"}],"about":[{"href":"https:\/\/otec.tdx.cl\/en\/wp-json\/wp\/v2\/types\/product"}],"wp:featuredmedia":[{"embeddable":true,"href":"https:\/\/otec.tdx.cl\/en\/wp-json\/wp\/v2\/media\/3529"}],"wp:attachment":[{"href":"https:\/\/otec.tdx.cl\/en\/wp-json\/wp\/v2\/media?parent=2830"}],"wp:term":[{"taxonomy":"product_brand","embeddable":true,"href":"https:\/\/otec.tdx.cl\/en\/wp-json\/wp\/v2\/product_brand?post=2830"},{"taxonomy":"product_cat","embeddable":true,"href":"https:\/\/otec.tdx.cl\/en\/wp-json\/wp\/v2\/product_cat?post=2830"},{"taxonomy":"product_tag","embeddable":true,"href":"https:\/\/otec.tdx.cl\/en\/wp-json\/wp\/v2\/product_tag?post=2830"}],"curies":[{"name":"wp","href":"https:\/\/api.w.org\/{rel}","templated":true}]}}