{"id":4706,"date":"2025-06-10T11:28:46","date_gmt":"2025-06-10T15:28:46","guid":{"rendered":"https:\/\/otec.tdx.cl\/?post_type=product&#038;p=4706"},"modified":"2025-07-03T13:20:35","modified_gmt":"2025-07-03T17:20:35","slug":"negociacion-y-mediacion-de-conflictos","status":"publish","type":"product","link":"https:\/\/otec.tdx.cl\/en\/curso\/negociacion-y-mediacion-de-conflictos\/","title":{"rendered":"Negociaci\u00f3n y Mediaci\u00f3n de Conflictos"},"content":{"rendered":"<section class=\"container__descripcion\">\n<div class=\"container__modulos_cursos\">\n<div class=\"modulos_cursos\">\n<h2>M\u00f3dulo 1: <b><span class=\"resaltar__texto_pink\">Fundamentos del conflicto<\/span><\/b>.<\/h2>\n<p>Reconocer los principales conceptos y teor\u00edas del conflicto desde una perspectiva integral, considerando elementos como la percepci\u00f3n, los estereotipos y las distorsiones cognitivas, as\u00ed como las bases propuestas por Johan Galtung, con el fin de comprender el conflicto como fen\u00f3meno estructural, social y relacional en distintos contextos.<\/p>\n<\/div>\n<div class=\"modulos_cursos\">\n<h2>M\u00f3dulo 2: <b><span class=\"resaltar__texto_pink\">Caracter\u00edsticas de un conflicto<\/span><\/b>.<\/h2>\n<p>Identificar las etapas, tipos y causas de los conflictos, as\u00ed como los estilos de manejo y los factores que inciden en su escalada, evaluando el papel del liderazgo en la gesti\u00f3n efectiva del conflicto en entornos organizacionales.<\/p>\n<\/div>\n<div class=\"modulos_cursos\">\n<h2>M\u00f3dulo 3: <b><span class=\"resaltar__texto_pink\">Negociaci\u00f3n y Mediaci\u00f3n<\/span><\/b>.<\/h2>\n<p>Emplear t\u00e9cnicas de negociaci\u00f3n y mediaci\u00f3n en la resoluci\u00f3n de conflictos, utilizando modelos como el de Harvard y estrategias basadas en intereses, considerando principios \u00e9ticos, enfoques colaborativos y habilidades comunicacionales que favorezcan acuerdos sostenibles y relaciones constructivas.<\/p>\n<\/div>\n<\/div>\n<\/section>","protected":false},"excerpt":{"rendered":"<p>Desarrolla habilidades de negociaci\u00f3n y mediaci\u00f3n para resolver conflictos laborales.<\/p>\n<p><strong>Promueve acuerdos efectivos y relaciones laborales constructivas.<\/strong><\/p>","protected":false},"featured_media":2888,"template":"","meta":[],"product_brand":[],"product_cat":[29,60],"product_tag":[56,37],"class_list":{"0":"post-4706","1":"product","2":"type-product","3":"status-publish","4":"has-post-thumbnail","6":"product_cat-bienestar-laboral","7":"product_cat-soft-skills","8":"product_tag-e-learning-sincronico-asincronico","9":"product_tag-presencial","11":"first","12":"instock","13":"shipping-taxable","14":"product-type-simple"},"_links":{"self":[{"href":"https:\/\/otec.tdx.cl\/en\/wp-json\/wp\/v2\/product\/4706","targetHints":{"allow":["GET"]}}],"collection":[{"href":"https:\/\/otec.tdx.cl\/en\/wp-json\/wp\/v2\/product"}],"about":[{"href":"https:\/\/otec.tdx.cl\/en\/wp-json\/wp\/v2\/types\/product"}],"wp:featuredmedia":[{"embeddable":true,"href":"https:\/\/otec.tdx.cl\/en\/wp-json\/wp\/v2\/media\/2888"}],"wp:attachment":[{"href":"https:\/\/otec.tdx.cl\/en\/wp-json\/wp\/v2\/media?parent=4706"}],"wp:term":[{"taxonomy":"product_brand","embeddable":true,"href":"https:\/\/otec.tdx.cl\/en\/wp-json\/wp\/v2\/product_brand?post=4706"},{"taxonomy":"product_cat","embeddable":true,"href":"https:\/\/otec.tdx.cl\/en\/wp-json\/wp\/v2\/product_cat?post=4706"},{"taxonomy":"product_tag","embeddable":true,"href":"https:\/\/otec.tdx.cl\/en\/wp-json\/wp\/v2\/product_tag?post=4706"}],"curies":[{"name":"wp","href":"https:\/\/api.w.org\/{rel}","templated":true}]}}