{"id":4708,"date":"2025-06-10T12:50:39","date_gmt":"2025-06-10T16:50:39","guid":{"rendered":"https:\/\/otec.tdx.cl\/?post_type=product&#038;p=4708"},"modified":"2025-07-03T13:14:22","modified_gmt":"2025-07-03T17:14:22","slug":"programacion-basica-con-javascript","status":"publish","type":"product","link":"https:\/\/otec.tdx.cl\/en\/curso\/programacion-basica-con-javascript\/","title":{"rendered":"Programaci\u00f3n con JavaScript"},"content":{"rendered":"<section class=\"container__descripcion\">\n<div class=\"container__modulos_cursos\">\n<div class=\"modulos_cursos\">\n<h2>M\u00f3dulo 1: <b><span class=\"resaltar__texto_pink\">Introducci\u00f3n a JavaScript<\/span><\/b>.<\/h2>\n<p>Identificar las caracter\u00edsticas fundamentales del lenguaje JavaScript seg\u00fan su historia, evoluci\u00f3n y entornos de ejecuci\u00f3n.<\/p>\n<\/div>\n<div class=\"modulos_cursos\">\n<h2>M\u00f3dulo 2: <b><span class=\"resaltar__texto_pink\">Exploraci\u00f3n de la Herramienta<\/span><\/b>.<\/h2>\n<p>Aplicar estructuras b\u00e1sicas del lenguaje JavaScript utilizando variables, tipos de datos y operaciones en la l\u00f3gica de programaci\u00f3n elemental.<\/p>\n<\/div>\n<div class=\"modulos_cursos\">\n<h2>M\u00f3dulo 3: <b><span class=\"resaltar__texto_pink\">Inicio del Dise\u00f1o<\/span><\/b>.<\/h2>\n<p>Construir estructuras de control y funciones en JavaScript utilizando condicionales, bucles y t\u00e9cnicas de manejo de errores en la construcci\u00f3n de programas.<\/p>\n<\/div>\n<\/div>\n<\/section>","protected":false},"excerpt":{"rendered":"<p>Construye soluciones web con JavaScript usando estructuras de control, funciones y programaci\u00f3n asincr\u00f3nica.<\/p>\n<p><b>Domina la l\u00f3gica de programaci\u00f3n para navegador y servidor.<\/b><\/p>","protected":false},"featured_media":4228,"template":"","meta":[],"product_brand":[],"product_cat":[36,61],"product_tag":[56,37],"class_list":{"0":"post-4708","1":"product","2":"type-product","3":"status-publish","4":"has-post-thumbnail","6":"product_cat-transformacion-digital","7":"product_cat-liderazgo-e-innovacion","8":"product_tag-e-learning-sincronico-asincronico","9":"product_tag-presencial","11":"first","12":"instock","13":"shipping-taxable","14":"product-type-simple"},"_links":{"self":[{"href":"https:\/\/otec.tdx.cl\/en\/wp-json\/wp\/v2\/product\/4708","targetHints":{"allow":["GET"]}}],"collection":[{"href":"https:\/\/otec.tdx.cl\/en\/wp-json\/wp\/v2\/product"}],"about":[{"href":"https:\/\/otec.tdx.cl\/en\/wp-json\/wp\/v2\/types\/product"}],"wp:featuredmedia":[{"embeddable":true,"href":"https:\/\/otec.tdx.cl\/en\/wp-json\/wp\/v2\/media\/4228"}],"wp:attachment":[{"href":"https:\/\/otec.tdx.cl\/en\/wp-json\/wp\/v2\/media?parent=4708"}],"wp:term":[{"taxonomy":"product_brand","embeddable":true,"href":"https:\/\/otec.tdx.cl\/en\/wp-json\/wp\/v2\/product_brand?post=4708"},{"taxonomy":"product_cat","embeddable":true,"href":"https:\/\/otec.tdx.cl\/en\/wp-json\/wp\/v2\/product_cat?post=4708"},{"taxonomy":"product_tag","embeddable":true,"href":"https:\/\/otec.tdx.cl\/en\/wp-json\/wp\/v2\/product_tag?post=4708"}],"curies":[{"name":"wp","href":"https:\/\/api.w.org\/{rel}","templated":true}]}}