{"id":4711,"date":"2025-06-10T15:15:16","date_gmt":"2025-06-10T19:15:16","guid":{"rendered":"https:\/\/otec.tdx.cl\/?post_type=product&#038;p=4711"},"modified":"2026-02-12T17:40:28","modified_gmt":"2026-02-12T20:40:28","slug":"prompts-para-la-generacion-de-textos-con-inteligencia-artificial","status":"publish","type":"product","link":"https:\/\/otec.tdx.cl\/en\/curso\/prompts-para-la-generacion-de-textos-con-inteligencia-artificial\/","title":{"rendered":"Prompts para la generaci\u00f3n de textos con inteligencia artificial"},"content":{"rendered":"<section class=\"container__descripcion\">\n<div class=\"container__modulos_cursos\">\n<div class=\"modulos_cursos\">\n<h2>M\u00f3dulo 1: <b><span class=\"resaltar__texto_pink\">Fundamentos de las instrucciones estructuradas (Prompts) y conceptos b\u00e1sicos<\/span><\/b>.<\/h2>\n<p>Identificar elementos y estructuras b\u00e1sicas de prompts en generaci\u00f3n de textos con inteligencia artificial, seg\u00fan su prop\u00f3sito comunicacional.<\/p>\n<\/div>\n<div class=\"modulos_cursos\">\n<h2>M\u00f3dulo 2: <b><span class=\"resaltar__texto_pink\">Principios clave para dise\u00f1ar instrucciones estructuradas (Prompts) efectivos<\/span><\/b>.<\/h2>\n<p>Analizar criterios de dise\u00f1o de instrucciones estructuradas (prompts) en generaci\u00f3n de textos con inteligencia artificial, seg\u00fan objetivos comunicacionales y contexto laboral.<\/p>\n<\/div>\n<div class=\"modulos_cursos\">\n<h2>M\u00f3dulo 3: <b><span class=\"resaltar__texto_pink\">Aplicaciones Pr\u00e1cticas de las instrucciones estructuradas (Prompts)<\/span><\/b>.<\/h2>\n<p>Elaborar prompts en generaci\u00f3n de textos con inteligencia artificial, seg\u00fan criterios \u00e9ticos y caracter\u00edsticas de la audiencia en entornos laborales digitales.<\/p>\n<\/div>\n<\/div>\n<\/section>","protected":false},"excerpt":{"rendered":"<p>Redacta prompts efectivos para generar textos con IA en contextos laborales.<\/p>\n<p><b>Mejora tu comunicaci\u00f3n con IA de forma clara, precisa y \u00e9tica.<\/b><\/p>","protected":false},"featured_media":4712,"template":"","meta":[],"product_brand":[],"product_cat":[36,68],"product_tag":[56,37],"class_list":{"0":"post-4711","1":"product","2":"type-product","3":"status-publish","4":"has-post-thumbnail","6":"product_cat-transformacion-digital","7":"product_cat-inteligencia-artificial","8":"product_tag-e-learning-sincronico-asincronico","9":"product_tag-presencial","11":"first","12":"instock","13":"shipping-taxable","14":"product-type-simple"},"_links":{"self":[{"href":"https:\/\/otec.tdx.cl\/en\/wp-json\/wp\/v2\/product\/4711","targetHints":{"allow":["GET"]}}],"collection":[{"href":"https:\/\/otec.tdx.cl\/en\/wp-json\/wp\/v2\/product"}],"about":[{"href":"https:\/\/otec.tdx.cl\/en\/wp-json\/wp\/v2\/types\/product"}],"wp:featuredmedia":[{"embeddable":true,"href":"https:\/\/otec.tdx.cl\/en\/wp-json\/wp\/v2\/media\/4712"}],"wp:attachment":[{"href":"https:\/\/otec.tdx.cl\/en\/wp-json\/wp\/v2\/media?parent=4711"}],"wp:term":[{"taxonomy":"product_brand","embeddable":true,"href":"https:\/\/otec.tdx.cl\/en\/wp-json\/wp\/v2\/product_brand?post=4711"},{"taxonomy":"product_cat","embeddable":true,"href":"https:\/\/otec.tdx.cl\/en\/wp-json\/wp\/v2\/product_cat?post=4711"},{"taxonomy":"product_tag","embeddable":true,"href":"https:\/\/otec.tdx.cl\/en\/wp-json\/wp\/v2\/product_tag?post=4711"}],"curies":[{"name":"wp","href":"https:\/\/api.w.org\/{rel}","templated":true}]}}