{"id":5012,"date":"2025-08-21T13:21:59","date_gmt":"2025-08-21T17:21:59","guid":{"rendered":"https:\/\/otec.tdx.cl\/?post_type=product&#038;p=5012"},"modified":"2026-02-13T12:15:40","modified_gmt":"2026-02-13T15:15:40","slug":"manejo-y-uso-de-extintores-portatiles","status":"publish","type":"product","link":"https:\/\/otec.tdx.cl\/en\/curso\/manejo-y-uso-de-extintores-portatiles\/","title":{"rendered":"Manejo y uso de Extintores Port\u00e1tiles"},"content":{"rendered":"<section class=\"container__descripcion\">\n<div class=\"container__modulos_cursos\">\n<div class=\"modulos_cursos\">\n<h2>M\u00f3dulo 1: <b><span class=\"resaltar__texto_pink\">Introducci\u00f3n al Fuego<\/span><\/b>.<\/h2>\n<p>Identificar los elementos y formas de propagaci\u00f3n del fuego en situaciones de emergencia seg\u00fan fundamentos te\u00f3ricos y normativa vigente.<\/p>\n<\/div>\n<div class=\"modulos_cursos\">\n<h2>M\u00f3dulo 2: <b><span class=\"resaltar__texto_pink\">Legislaci\u00f3n y Normativas<\/span><\/b>.<\/h2>\n<p>Reconocer los aspectos normativos sobre prevenci\u00f3n y uso de extintores en entornos laborales de acuerdo con el D.S. N\u00b0594 y normas t\u00e9cnicas chilenas vigentes.\n<\/p><\/div>\n<div class=\"modulos_cursos\">\n<h2>M\u00f3dulo 3: <b><span class=\"resaltar__texto_pink\">Tipos de Fuego y Extintores<\/span><\/b>.<\/h2>\n<p>Relacionar los tipos de fuego con los extintores correspondientes en contextos laborales con riesgo de incendio seg\u00fan las normativas de seguridad y t\u00e9cnicas aplicables.\n<\/p><\/div>\n<div class=\"modulos_cursos\">\n<h2>M\u00f3dulo 4: <b><span class=\"resaltar__texto_pink\">T\u00e9cnicas de Extinci\u00f3n<\/span><\/b>.<\/h2>\n<p>Identificar pasos operativos del uso de extintores port\u00e1tiles seg\u00fan tipo de fuego y normas de seguridad en situaciones de amago de incendio.\n<\/p><\/div>\n<div class=\"modulos_cursos\">\n<h2>M\u00f3dulo 5: <b><span class=\"resaltar__texto_pink\">Ubicaci\u00f3n y Mantenimiento del Extintor<\/span><\/b>.<\/h2>\n<p>Determinar los criterios de ubicaci\u00f3n, se\u00f1alizaci\u00f3n e inspecci\u00f3n de extintores port\u00e1tiles en entornos laborales seg\u00fan normativa t\u00e9cnica vigente.\n<\/p><\/div>\n<\/div>\n<\/section>","protected":false},"excerpt":{"rendered":"<p>Aprender\u00e1s a usar correctamente extintores port\u00e1tiles seg\u00fan el tipo de fuego.<\/p>\n<p><strong>Actua con seguridad y eficacia ante un amago de incendio en tu entorno laboral.<\/strong><\/p>","protected":false},"featured_media":2878,"template":"","meta":[],"product_brand":[],"product_cat":[65,28],"product_tag":[53],"class_list":{"0":"post-5012","1":"product","2":"type-product","3":"status-publish","4":"has-post-thumbnail","6":"product_cat-normativos","7":"product_cat-normativos-y-oficios","8":"product_tag-e-learning-asincronico","10":"first","11":"instock","12":"shipping-taxable","13":"product-type-simple"},"_links":{"self":[{"href":"https:\/\/otec.tdx.cl\/en\/wp-json\/wp\/v2\/product\/5012","targetHints":{"allow":["GET"]}}],"collection":[{"href":"https:\/\/otec.tdx.cl\/en\/wp-json\/wp\/v2\/product"}],"about":[{"href":"https:\/\/otec.tdx.cl\/en\/wp-json\/wp\/v2\/types\/product"}],"wp:featuredmedia":[{"embeddable":true,"href":"https:\/\/otec.tdx.cl\/en\/wp-json\/wp\/v2\/media\/2878"}],"wp:attachment":[{"href":"https:\/\/otec.tdx.cl\/en\/wp-json\/wp\/v2\/media?parent=5012"}],"wp:term":[{"taxonomy":"product_brand","embeddable":true,"href":"https:\/\/otec.tdx.cl\/en\/wp-json\/wp\/v2\/product_brand?post=5012"},{"taxonomy":"product_cat","embeddable":true,"href":"https:\/\/otec.tdx.cl\/en\/wp-json\/wp\/v2\/product_cat?post=5012"},{"taxonomy":"product_tag","embeddable":true,"href":"https:\/\/otec.tdx.cl\/en\/wp-json\/wp\/v2\/product_tag?post=5012"}],"curies":[{"name":"wp","href":"https:\/\/api.w.org\/{rel}","templated":true}]}}