{"id":5015,"date":"2025-08-21T14:16:35","date_gmt":"2025-08-21T18:16:35","guid":{"rendered":"https:\/\/otec.tdx.cl\/?post_type=product&#038;p=5015"},"modified":"2026-02-12T18:00:27","modified_gmt":"2026-02-12T21:00:27","slug":"tecnicas-de-redaccion-digital-con-ia-generativa","status":"publish","type":"product","link":"https:\/\/otec.tdx.cl\/en\/curso\/tecnicas-de-redaccion-digital-con-ia-generativa\/","title":{"rendered":"T\u00e9cnicas de Redacci\u00f3n Digital con IA Generativa"},"content":{"rendered":"<section class=\"container__descripcion\">\n<div class=\"container__modulos_cursos\">\n<div class=\"modulos_cursos\">\n<h2>M\u00f3dulo 1: <b><span class=\"resaltar__texto_pink\">Introducci\u00f3n a la Inteligencia Artificial Generativa<\/span><\/b>.<\/h2>\n<p>Identificar caracter\u00edsticas y aspectos \u00e9ticos de la inteligencia artificial generativa aplicables a la redacci\u00f3n digital, seg\u00fan principios normativos y est\u00e1ndares del entorno profesional. <\/p>\n<\/div>\n<div class=\"modulos_cursos\">\n<h2>M\u00f3dulo 2: <b><span class=\"resaltar__texto_pink\">Fundamentos de la Escritura Asistida con IA<\/span><\/b>.<\/h2>\n<p>Identificar estructura y funci\u00f3n de instrucciones (prompt)  en herramientas de inteligencia artificial generativa, seg\u00fan criterios de calidad, pertinencia y est\u00e1ndares \u00e9ticos del entorno profesional.<\/p>\n<\/div>\n<div class=\"modulos_cursos\">\n<h2>M\u00f3dulo 3: <b><span class=\"resaltar__texto_pink\">Estrategias para Generar Contenidos con IA<\/span><\/b>.<\/h2>\n<p>Construir instrucciones claras y espec\u00edficas con herramientas de inteligencia artificial generativa, seg\u00fan requerimientos del p\u00fablico y est\u00e1ndares de calidad profesional. <\/p>\n<\/div>\n<div class=\"modulos_cursos\">\n<h2>M\u00f3dulo 4: <b><span class=\"resaltar__texto_pink\">Redacci\u00f3n Profesional Asistida por IA<\/span><\/b>.<\/h2>\n<p>Identificar errores y limitaciones en contenidos generados con herramientas de inteligencia artificial, considerando criterios de originalidad, coherencia, legibilidad, \u00e9tica y optimizaci\u00f3n para medios digitales.<\/p>\n<\/div>\n<\/div>\n<\/section>","protected":false},"excerpt":{"rendered":"<p>Aprende a redactar con IA generativa de forma efectiva y responsable.<br \/>\n<b>Crea contenido digital profesional con IA, alineado a est\u00e1ndares \u00e9ticos y t\u00e9cnicos.<\/b><\/p>","protected":false},"featured_media":4229,"template":"","meta":[],"product_brand":[],"product_cat":[36,68],"product_tag":[56],"class_list":{"0":"post-5015","1":"product","2":"type-product","3":"status-publish","4":"has-post-thumbnail","6":"product_cat-transformacion-digital","7":"product_cat-inteligencia-artificial","8":"product_tag-e-learning-sincronico-asincronico","10":"first","11":"instock","12":"shipping-taxable","13":"product-type-simple"},"_links":{"self":[{"href":"https:\/\/otec.tdx.cl\/en\/wp-json\/wp\/v2\/product\/5015","targetHints":{"allow":["GET"]}}],"collection":[{"href":"https:\/\/otec.tdx.cl\/en\/wp-json\/wp\/v2\/product"}],"about":[{"href":"https:\/\/otec.tdx.cl\/en\/wp-json\/wp\/v2\/types\/product"}],"wp:featuredmedia":[{"embeddable":true,"href":"https:\/\/otec.tdx.cl\/en\/wp-json\/wp\/v2\/media\/4229"}],"wp:attachment":[{"href":"https:\/\/otec.tdx.cl\/en\/wp-json\/wp\/v2\/media?parent=5015"}],"wp:term":[{"taxonomy":"product_brand","embeddable":true,"href":"https:\/\/otec.tdx.cl\/en\/wp-json\/wp\/v2\/product_brand?post=5015"},{"taxonomy":"product_cat","embeddable":true,"href":"https:\/\/otec.tdx.cl\/en\/wp-json\/wp\/v2\/product_cat?post=5015"},{"taxonomy":"product_tag","embeddable":true,"href":"https:\/\/otec.tdx.cl\/en\/wp-json\/wp\/v2\/product_tag?post=5015"}],"curies":[{"name":"wp","href":"https:\/\/api.w.org\/{rel}","templated":true}]}}