{"id":5017,"date":"2025-08-21T16:15:48","date_gmt":"2025-08-21T20:15:48","guid":{"rendered":"https:\/\/otec.tdx.cl\/?post_type=product&#038;p=5017"},"modified":"2026-02-17T12:26:47","modified_gmt":"2026-02-17T15:26:47","slug":"metodologias-agiles-en-la-gestion-de-proyectos","status":"publish","type":"product","link":"https:\/\/otec.tdx.cl\/en\/curso\/metodologias-agiles-en-la-gestion-de-proyectos\/","title":{"rendered":"Metodolog\u00edas \u00c1giles en la Gesti\u00f3n de Proyectos"},"content":{"rendered":"<section class=\"container__descripcion\">\n<div class=\"container__modulos_cursos\">\n<div class=\"modulos_cursos\">\n<h2>M\u00f3dulo 1: <b><span class=\"resaltar__texto_pink\">Fundamentos de la Metodolog\u00eda \u00c1gil<\/span><\/b>.<\/h2>\n<p>Comparar los fundamentos, valores y principios del enfoque \u00e1gil con metodolog\u00edas tradicionales de gesti\u00f3n en contextos de transformaci\u00f3n digital y cambio organizacional. <\/p>\n<\/div>\n<div class=\"modulos_cursos\">\n<h2>M\u00f3dulo 2: <b><span class=\"resaltar__texto_pink\"> Proceso Scrum<\/span><\/b>.<\/h2>\n<p>Distinguir los roles, eventos y artefactos del marco de trabajo Scrum seg\u00fan la gu\u00eda oficial y su aplicaci\u00f3n en equipos colaborativos.<\/p>\n<\/div>\n<div class=\"modulos_cursos\">\n<h2>M\u00f3dulo 3: <b><span class=\"resaltar__texto_pink\">Estimaci\u00f3n \u00c1gil<\/span><\/b>.<\/h2>\n<p>Seleccionar t\u00e9cnicas de estimaci\u00f3n \u00e1gil acordes al tipo de backlog y caracter\u00edsticas del proyecto. <\/p>\n<\/div>\n<div class=\"modulos_cursos\">\n<h2>M\u00f3dulo 4: <b><span class=\"resaltar__texto_pink\">M\u00e9todo Kanban<\/span><\/b>.<\/h2>\n<p> Clasificar tareas y flujos de trabajo utilizando los elementos y principios del m\u00e9todo Kanban seg\u00fan su nivel de urgencia y tiempos de entrega comprometidos.\n<\/p><\/div>\n<\/div>\n<\/section>","protected":false},"excerpt":{"rendered":"<p>Aplica metodolog\u00edas \u00e1giles para gestionar proyectos con flexibilidad y enfoque colaborativo.<\/p>\n<p><strong>Gestiona proyectos con agilidad, claridad y alineados a los desaf\u00edos del cambio digital.<\/strong><\/p>","protected":false},"featured_media":2862,"template":"","meta":[],"product_brand":[],"product_cat":[61,36],"product_tag":[53],"class_list":{"0":"post-5017","1":"product","2":"type-product","3":"status-publish","4":"has-post-thumbnail","6":"product_cat-liderazgo-e-innovacion","7":"product_cat-transformacion-digital","8":"product_tag-e-learning-asincronico","10":"first","11":"instock","12":"shipping-taxable","13":"product-type-simple"},"_links":{"self":[{"href":"https:\/\/otec.tdx.cl\/en\/wp-json\/wp\/v2\/product\/5017","targetHints":{"allow":["GET"]}}],"collection":[{"href":"https:\/\/otec.tdx.cl\/en\/wp-json\/wp\/v2\/product"}],"about":[{"href":"https:\/\/otec.tdx.cl\/en\/wp-json\/wp\/v2\/types\/product"}],"wp:featuredmedia":[{"embeddable":true,"href":"https:\/\/otec.tdx.cl\/en\/wp-json\/wp\/v2\/media\/2862"}],"wp:attachment":[{"href":"https:\/\/otec.tdx.cl\/en\/wp-json\/wp\/v2\/media?parent=5017"}],"wp:term":[{"taxonomy":"product_brand","embeddable":true,"href":"https:\/\/otec.tdx.cl\/en\/wp-json\/wp\/v2\/product_brand?post=5017"},{"taxonomy":"product_cat","embeddable":true,"href":"https:\/\/otec.tdx.cl\/en\/wp-json\/wp\/v2\/product_cat?post=5017"},{"taxonomy":"product_tag","embeddable":true,"href":"https:\/\/otec.tdx.cl\/en\/wp-json\/wp\/v2\/product_tag?post=5017"}],"curies":[{"name":"wp","href":"https:\/\/api.w.org\/{rel}","templated":true}]}}