{"id":5022,"date":"2025-08-22T14:47:31","date_gmt":"2025-08-22T18:47:31","guid":{"rendered":"https:\/\/otec.tdx.cl\/?post_type=product&#038;p=5022"},"modified":"2026-02-12T17:36:37","modified_gmt":"2026-02-12T20:36:37","slug":"microsoft-power-bi-intermedio","status":"publish","type":"product","link":"https:\/\/otec.tdx.cl\/en\/curso\/microsoft-power-bi-intermedio\/","title":{"rendered":"Microsoft Power BI, intermedio"},"content":{"rendered":"<section class=\"container__descripcion\">\n<div class=\"container__modulos_cursos\">\n<div class=\"modulos_cursos\">\n<h2>M\u00f3dulo 1: <b><span class=\"resaltar__texto_pink\">Introducci\u00f3n a la Inteligencia de Negocios y Microsoft Power BI.<\/span><\/b>.<\/h2>\n<p>Identificar fundamentos de inteligencia de negocios y componentes de la interfaz de Power BI, seg\u00fan criterios funcionales de su aplicaci\u00f3n en proyectos de an\u00e1lisis de datos.<\/p>\n<\/div>\n<div class=\"modulos_cursos\">\n<h2>M\u00f3dulo 2: <b><span class=\"resaltar__texto_pink\">Herramientas para la carga y visualizaci\u00f3n de datos.<\/span><\/b>.<\/h2>\n<p>Aplicar herramientas de carga y visualizaci\u00f3n de datos en Power BI, seg\u00fan procedimientos de conexi\u00f3n y representaci\u00f3n desde distintas fuentes de informaci\u00f3n.<\/p>\n<\/div>\n<div class=\"modulos_cursos\">\n<h2>M\u00f3dulo 3: <b><span class=\"resaltar__texto_pink\">Desarrollo de Columnas y Medidas<\/span><\/b>.<\/h2>\n<p>Construir columnas condicionales, columnas personalizadas y medidas r\u00e1pidas en Power BI, conforme a t\u00e9cnicas de c\u00e1lculo utilizadas en la elaboraci\u00f3n de indicadores anal\u00edticos.  <\/p>\n<\/div>\n<div class=\"modulos_cursos\">\n<h2>M\u00f3dulo 4: <b><span class=\"resaltar__texto_pink\">Servicios en la nube de Microsoft Power BI.<\/span><\/b>.<\/h2>\n<p>Ejecutar publicaciones, actualizaciones y uso compartido de informes y paneles en Power BI Desktop, Service y m\u00f3vil, conforme a procedimientos de trabajo colaborativo en la nube.\n<\/p><\/div>\n<div class=\"modulos_cursos\">\n<h2>M\u00f3dulo 5: <b><span class=\"resaltar__texto_pink\">Herramientas para la transformaci\u00f3n y modelamiento de datos<\/span><\/b>.<\/h2>\n<p>Transformar datos en Power BI utilizando Power Query, conforme a t\u00e9cnicas de limpieza y modelamiento de datos para an\u00e1lisis empresarial.<\/p>\n<\/div>\n<div class=\"modulos_cursos\">\n<h2>M\u00f3dulo 6: <b><span class=\"resaltar__texto_pink\">El modelo de datos estrella y sus aplicaciones.<\/span><\/b>.<\/h2>\n<p>Aplicar el modelo de datos estrella en Power BI, conforme a principios de normalizaci\u00f3n y organizaci\u00f3n de tablas de hechos y dimensiones.  <\/p>\n<\/div>\n<div class=\"modulos_cursos\">\n<h2>M\u00f3dulo 7: <b><span class=\"resaltar__texto_pink\">Funciones del lenguaje Data Analysis Expression (DAX)<\/span><\/b>.<\/h2>\n<p>Aplicar funciones DAX en Power BI, conforme a criterios de c\u00e1lculo avanzado en medidas y columnas de informes anal\u00edticos.   <\/p>\n<\/div>\n<div class=\"modulos_cursos\">\n<h2>M\u00f3dulo 8: <b><span class=\"resaltar__texto_pink\">Funciones adicionales y buenas pr\u00e1cticas.<\/span><\/b>.<\/h2>\n<p>Aplicar funciones de inteligencia de tiempo en Power BI, conforme a buenas pr\u00e1cticas de modelamiento eficiente de datos.\n<\/p><\/div>\n<\/div>\n<\/section>","protected":false},"excerpt":{"rendered":"<p>Visualiza datos con impacto usando Power BI.<\/p>\n<p><strong>Transforma tus datos en decisiones con informes claros, visuales y profesionales.<\/strong><\/p>","protected":false},"featured_media":2879,"template":"","meta":[],"product_brand":[],"product_cat":[62,67,36],"product_tag":[56],"class_list":{"0":"post-5022","1":"product","2":"type-product","3":"status-publish","4":"has-post-thumbnail","6":"product_cat-habilidades-tic","7":"product_cat-productividad","8":"product_cat-transformacion-digital","9":"product_tag-e-learning-sincronico-asincronico","11":"first","12":"instock","13":"shipping-taxable","14":"product-type-simple"},"_links":{"self":[{"href":"https:\/\/otec.tdx.cl\/en\/wp-json\/wp\/v2\/product\/5022","targetHints":{"allow":["GET"]}}],"collection":[{"href":"https:\/\/otec.tdx.cl\/en\/wp-json\/wp\/v2\/product"}],"about":[{"href":"https:\/\/otec.tdx.cl\/en\/wp-json\/wp\/v2\/types\/product"}],"wp:featuredmedia":[{"embeddable":true,"href":"https:\/\/otec.tdx.cl\/en\/wp-json\/wp\/v2\/media\/2879"}],"wp:attachment":[{"href":"https:\/\/otec.tdx.cl\/en\/wp-json\/wp\/v2\/media?parent=5022"}],"wp:term":[{"taxonomy":"product_brand","embeddable":true,"href":"https:\/\/otec.tdx.cl\/en\/wp-json\/wp\/v2\/product_brand?post=5022"},{"taxonomy":"product_cat","embeddable":true,"href":"https:\/\/otec.tdx.cl\/en\/wp-json\/wp\/v2\/product_cat?post=5022"},{"taxonomy":"product_tag","embeddable":true,"href":"https:\/\/otec.tdx.cl\/en\/wp-json\/wp\/v2\/product_tag?post=5022"}],"curies":[{"name":"wp","href":"https:\/\/api.w.org\/{rel}","templated":true}]}}