{"id":6599,"date":"2026-02-17T12:12:41","date_gmt":"2026-02-17T15:12:41","guid":{"rendered":"https:\/\/otec.tdx.cl\/?post_type=product&#038;p=6599"},"modified":"2026-02-18T10:52:11","modified_gmt":"2026-02-18T13:52:11","slug":"herramientas-de-productividad-de-office-365","status":"publish","type":"product","link":"https:\/\/otec.tdx.cl\/en\/curso\/herramientas-de-productividad-de-office-365\/","title":{"rendered":"Herramientas de Productividad de Office 365"},"content":{"rendered":"<section class=\"container__descripcion\">\n<div class=\"container__modulos_cursos\">\n<div class=\"modulos_cursos\">\n<h2>M\u00f3dulo 1: Excel \u2013 Hojas de C\u00e1lculo.<\/h2>\n<p>Aprender a aplicar formatos, f\u00f3rmulas y funciones b\u00e1sicas para ordenar, analizar y presentar datos en hojas de c\u00e1lculo con criterios de claridad administrativa.<\/p>\n<\/div>\n<div class=\"modulos_cursos\">\n<h2>M\u00f3dulo 2: Word \u2013 Procesador de Textos.<\/h2>\n<p>Redactar y editar documentos utilizando herramientas de dise\u00f1o, formato y estructura para asegurar claridad, coherencia y presentaci\u00f3n profesional.<\/p>\n<\/div>\n<div class=\"modulos_cursos\">\n<h2>M\u00f3dulo 3: PowerPoint \u2013 Presentaciones Efectivas.<\/h2>\n<p>Dise\u00f1ar presentaciones claras y visualmente atractivas incorporando texto, gr\u00e1ficos y elementos visuales organizados para distintos contextos comunicativos.<\/p>\n<\/div>\n<div class=\"modulos_cursos\">\n<h2>M\u00f3dulo 4: Outlook \u2013 Correo y Gesti\u00f3n de la Comunicaci\u00f3n.<\/h2>\n<p>Gestionar el correo electr\u00f3nico utilizando t\u00e9cnicas de organizaci\u00f3n, clasificaci\u00f3n y administraci\u00f3n de mensajes para mejorar la comunicaci\u00f3n profesional.<\/p>\n<\/div>\n<\/div>\n<\/section>","protected":false},"excerpt":{"rendered":"<p>Utiliza las herramientas esenciales de Office\u202f365 (Excel, Word, PowerPoint y Outlook) para <strong>crear documentos, gestionar informaci\u00f3n y optimizar la comunicaci\u00f3n<\/strong> en entornos acad\u00e9micos, administrativos y laborales<\/p>","protected":false},"featured_media":6604,"template":"","meta":[],"product_brand":[],"product_cat":[36,67],"product_tag":[53],"class_list":{"0":"post-6599","1":"product","2":"type-product","3":"status-publish","4":"has-post-thumbnail","6":"product_cat-transformacion-digital","7":"product_cat-productividad","8":"product_tag-e-learning-asincronico","10":"first","11":"instock","12":"shipping-taxable","13":"product-type-simple"},"_links":{"self":[{"href":"https:\/\/otec.tdx.cl\/en\/wp-json\/wp\/v2\/product\/6599","targetHints":{"allow":["GET"]}}],"collection":[{"href":"https:\/\/otec.tdx.cl\/en\/wp-json\/wp\/v2\/product"}],"about":[{"href":"https:\/\/otec.tdx.cl\/en\/wp-json\/wp\/v2\/types\/product"}],"wp:featuredmedia":[{"embeddable":true,"href":"https:\/\/otec.tdx.cl\/en\/wp-json\/wp\/v2\/media\/6604"}],"wp:attachment":[{"href":"https:\/\/otec.tdx.cl\/en\/wp-json\/wp\/v2\/media?parent=6599"}],"wp:term":[{"taxonomy":"product_brand","embeddable":true,"href":"https:\/\/otec.tdx.cl\/en\/wp-json\/wp\/v2\/product_brand?post=6599"},{"taxonomy":"product_cat","embeddable":true,"href":"https:\/\/otec.tdx.cl\/en\/wp-json\/wp\/v2\/product_cat?post=6599"},{"taxonomy":"product_tag","embeddable":true,"href":"https:\/\/otec.tdx.cl\/en\/wp-json\/wp\/v2\/product_tag?post=6599"}],"curies":[{"name":"wp","href":"https:\/\/api.w.org\/{rel}","templated":true}]}}